{"id":955,"date":"2019-02-09T22:54:43","date_gmt":"2019-02-09T22:54:43","guid":{"rendered":"http:\/\/stancforma.hu\/?page_id=955"},"modified":"2022-02-17T12:19:23","modified_gmt":"2022-02-17T11:19:23","slug":"adatkezelesi-tajekoztato","status":"publish","type":"page","link":"https:\/\/stancforma.hu\/?page_id=955","title":{"rendered":"Adatkezel\u00e9si t\u00e1j\u00e9koztat\u00f3"},"content":{"rendered":"\n<p><strong>Adatkezel\u00e9si\nt\u00e1j\u00e9koztat\u00f3<\/strong><\/p>\n\n\n\n<ul class=\"wp-block-list\"><li>Tartalomjegyz\u00e9k\n\t<\/li><li>Adatkezel\u00e9si\n\tt\u00e1j\u00e9koztat\u00f3\n\t<\/li><li>Adatkezel\u0151\n\tadatai\n\t<\/li><li>A\n\thonlapon v\u00e9gzett adatkezel\u00e9sek jogszab\u00e1lyi h\u00e1ttere, jogalapja,\n\tc\u00e9lja, a kezelt \n\t\n\t<\/li><li>szem\u00e9lyes\n\tadatok k\u00f6re, valamint az adatkezel\u00e9s id\u0151tartama\n\t<\/li><li>Adatfeldolgoz\u00e1s\n\t<\/li><li>Adatbiztons\u00e1gi\n\tint\u00e9zked\u00e9sek\n\t<\/li><li>Az\n\t\u00e9rintett jogai\n\t<\/li><li>Jogorvoslatok\n<\/li><\/ul>\n\n\n\n<p>Adatkezel\u0151\nneve, el\u00e9rhet\u0151s\u00e9gei:<\/p>\n\n\n\n<p>Az\nadatkezel\u0151 megnevez\u00e9se: Stancforma Kft. (a tov\u00e1bbiakban: megb\u00edzott\nadatkezel\u0151)<\/p>\n\n\n\n<p>Az\nadatkezel\u0151 levelez\u00e9si c\u00edme: 2800 Tatab\u00e1nya, F\u00fcrd\u0151 utca 55.<\/p>\n\n\n\n<p>Az\nadatkezel\u0151 e-mail c\u00edme: penzugy@stancforma.hu<\/p>\n\n\n\n<p>Az adatkezel\u0151 telefonsz\u00e1ma: 06\/34\/510-622<\/p>\n\n\n\n<p>Honlap:\n<a href=\"http:\/\/www.stancforma.hu\">http:\/\/www.stancforma.hu<\/a><\/p>\n\n\n\n<p>A\nhonlapon v\u00e9gzett adatkezel\u00e9sek jogszab\u00e1lyi h\u00e1ttere, jogalapja,\nc\u00e9lja, a kezelt szem\u00e9lyes adatok k\u00f6re, valamint az adatkezel\u00e9s\nid\u0151tartama<\/p>\n\n\n\n<p>A\ncookie-k haszn\u00e1lat\u00e1val kapcsolatos t\u00e1j\u00e9koztat\u00e1s<\/p>\n\n\n\n<p>Mi\naz a cookie?<\/p>\n\n\n\n<p>Az\nAdatkezel\u0151 a honlap l\u00e1togat\u00e1sa sor\u00e1n \u00fagynevezett cookie-kat\n(s\u00fctiket) haszn\u00e1l. A cookie bet\u0171b\u0151l \u00e9s sz\u00e1mokb\u00f3l \u00e1ll\u00f3\ninform\u00e1ci\u00f3csomag, amit honlapunk az \u00d6n b\u00f6ng\u00e9sz\u0151j\u00e9nek k\u00fcld el<\/p>\n\n\n\n<p>azzal\na c\u00e9llal, hogy elmentse bizonyos be\u00e1ll\u00edt\u00e1sait, megk\u00f6nny\u00edtse a\nhonlapunk haszn\u00e1lat\u00e1t \u00e9s k\u00f6zrem\u0171k\u00f6dik abban, hogy n\u00e9h\u00e1ny\nrelev\u00e1ns, statisztikai jelleg\u0171 inform\u00e1ci\u00f3t gy\u0171jts\u00fcnk a\nl\u00e1togat\u00f3inkr\u00f3l. A cookie-k (s\u00fctik) nem tartalmaznak szem\u00e9lyes\ninform\u00e1ci\u00f3kat, \u00e9s nem alkalmasak az egy\u00e9ni felhaszn\u00e1l\u00f3\nazonos\u00edt\u00e1s\u00e1ra. A cookie-k (s\u00fctik) gyakran olyan egy\u00e9ni\nazonos\u00edt\u00f3t tartalmaznak &#8211; egy titkos, v\u00e9letlen\u00fcl gener\u00e1lt\nsz\u00e1msort &#8211; amelyet az \u00d6n eszk\u00f6ze t\u00e1rol. N\u00e9h\u00e1ny cookie (s\u00fcti) a\nhonlap bez\u00e1r\u00e1sa ut\u00e1n megsz\u0171nik, n\u00e9h\u00e1ny pedig hosszabb id\u0151re\nt\u00e1rol\u00e1sra ker\u00fcl sz\u00e1m\u00edt\u00f3g\u00e9p\u00e9n.<\/p>\n\n\n\n<p>A\ncookie-k jogszab\u00e1lyi h\u00e1ttere \u00e9s jogalapja:<\/p>\n\n\n\n<p>Az\nadatkezel\u00e9s h\u00e1tter\u00e9t az inform\u00e1ci\u00f3s \u00f6nrendelkez\u00e9si jogr\u00f3l \u00e9s\naz inform\u00e1ci\u00f3szabads\u00e1gr\u00f3l sz\u00f3l\u00f3 \n<\/p>\n\n\n\n<p>2011.\n\u00e9vi CXII. t\u00f6rv\u00e9ny (Infotv.) \u00e9s az elektronikus kereskedelmi\nszolg\u00e1ltat\u00e1sok, valamint az \n<\/p>\n\n\n\n<p>inform\u00e1ci\u00f3s\nt\u00e1rsadalommal \u00f6sszef\u00fcgg\u0151 szolg\u00e1ltat\u00e1sok egyes k\u00e9rd\u00e9seir\u0151l\nsz\u00f3l\u00f3 2001. \u00e9vi CVIII. \n<\/p>\n\n\n\n<p>t\u00f6rv\u00e9ny\nrendelkez\u00e9sei jelentik. Az adatkezel\u00e9s jogalapja az Infotv. 5. \u00a7\n(1) bekezd\u00e9s a) pontj\u00e1val \n<\/p>\n\n\n\n<p>\u00f6sszhangban\naz \u00d6n hozz\u00e1j\u00e1rul\u00e1sa.<\/p>\n\n\n\n<p>A\nhonlap \u00e1ltal haszn\u00e1lt cookie-k f\u0151bb jellemz\u0151i:<\/p>\n\n\n\n<p>Google\nAdwords cookie<\/p>\n\n\n\n<p>Amikor\nvalaki megl\u00e1togatja az oldalunkat, a l\u00e1togat\u00f3 cookie-azonos\u00edt\u00f3ja\n\n<\/p>\n\n\n\n<p>hozz\u00e1ad\u00f3dik\na remarketinglist\u00e1hoz. A Google cookie-kat \u2013 p\u00e9ld\u00e1ul a NID \u00e9s\nSID cookie-kat \u2013 \n<\/p>\n\n\n\n<p>haszn\u00e1l\na Google-term\u00e9kekben, \u00edgy p\u00e9ld\u00e1ul a Google Keres\u00e9sben l\u00e1that\u00f3\nhirdet\u00e9sek \n<\/p>\n\n\n\n<p>testreszab\u00e1s\u00e1hoz.\nAz ilyen cookie-kat p\u00e9ld\u00e1ul arra haszn\u00e1lja, hogy megjegyezze az \u00d6n\nlegut\u00f3bbi keres\u00e9seit, az egyes hirdet\u0151k hirdet\u00e9seivel vagy a\nkeres\u00e9si eredm\u00e9nyekkel val\u00f3 kor\u00e1bbi interakci\u00f3it, tov\u00e1bb\u00e1 a\nhirdet\u0151k webhelyein tett l\u00e1togat\u00e1sait. Az AdWords konverzi\u00f3k\u00f6vet\u00e9s\nfunkci\u00f3ja cookie-kat haszn\u00e1l. A hirdet\u00e9sb\u0151l ered\u0151 \u00e9rt\u00e9kes\u00edt\u00e9sek\n\u00e9s egy\u00e9b konverzi\u00f3k k\u00f6vet\u00e9s\u00e9re cookie-kat ment a felhaszn\u00e1l\u00f3\nsz\u00e1m\u00edt\u00f3g\u00e9p\u00e9re, amikor az adott szem\u00e9ly egy hirdet\u00e9sre kattint.\nA cookie-k n\u00e9h\u00e1ny gyakori alkalmaz\u00e1si m\u00f3dja: a hirdet\u00e9sek\nkiv\u00e1laszt\u00e1sa annak alapj\u00e1n, hogy mi a relev\u00e1ns az adott\nfelhaszn\u00e1l\u00f3 eset\u00e9n, a kamp\u00e1nyok teljes\u00edtm\u00e9ny\u00e9r\u0151l sz\u00f3l\u00f3\njelent\u00e9sek t\u00f6k\u00e9letes\u00edt\u00e9se, \u00e9s a felhaszn\u00e1l\u00f3 \u00e1ltal m\u00e1r\nmegtekintett hirdet\u00e9sek megjelen\u00edt\u00e9s\u00e9nek elker\u00fcl\u00e9se. \n<\/p>\n\n\n\n<p>Amennyiben\n\u00d6n nem fogadja el a cookie-k haszn\u00e1lat\u00e1t, akkor bizonyos funkci\u00f3k\nnem lesznek \n<\/p>\n\n\n\n<p>el\u00e9rhet\u0151ek\naz \u00d6n sz\u00e1m\u00e1ra. A cookie-k t\u00f6rl\u00e9s\u00e9r\u0151l b\u0151vebb t\u00e1j\u00e9koztat\u00e1st\naz al\u00e1bbi linkeken tal\u00e1lhat:<\/p>\n\n\n\n<ul class=\"wp-block-list\"><li>Internet\n\tExplorer:\n<\/li><\/ul>\n\n\n\n<figure class=\"wp-block-embed\"><div class=\"wp-block-embed__wrapper\">\nhttp:\/\/windows.microsoft.com\/en-us\/internet-explorer\/delete-manage-\n<\/div><\/figure>\n\n\n\n<p>cookies#ie=ie-11<\/p>\n\n\n\n<ul class=\"wp-block-list\"><li>Firefox:\n<\/li><\/ul>\n\n\n\n<figure class=\"wp-block-embed\"><div class=\"wp-block-embed__wrapper\">\nhttps:\/\/support.mozilla.org\/en-US\/kb\/cookies-information-websites-store-on-your-\n<\/div><\/figure>\n\n\n\n<p>computer<\/p>\n\n\n\n<ul class=\"wp-block-list\"><li>Chrome:\n\t\n\t\n<\/li><\/ul>\n\n\n\n<figure class=\"wp-block-embed\"><div class=\"wp-block-embed__wrapper\">\nhttps:\/\/support.google.com\/chrome\/answer\/95647?hl=en\n<\/div><\/figure>\n\n\n\n<p>A\nmegrendel\u00e9ssel \u00e9s a sz\u00e1ml\u00e1z\u00e1ssal kapcsolatos adatkezel\u00e9s<\/p>\n\n\n\n<p>Az\nadatkezel\u00e9s jogszab\u00e1lyi h\u00e1ttere \u00e9s jogalapja:<\/p>\n\n\n\n<p>Az\nadatkezel\u00e9s h\u00e1tter\u00e9t az inform\u00e1ci\u00f3s \u00f6nrendelkez\u00e9si jogr\u00f3l \u00e9s\naz inform\u00e1ci\u00f3szabads\u00e1gr\u00f3l sz\u00f3l\u00f3 \n<\/p>\n\n\n\n<p>2011.\n\u00e9vi CXII. t\u00f6rv\u00e9ny (Infotv.) \u00e9s a sz\u00e1mvitelr\u0151l sz\u00f3l\u00f3 2000. \u00e9vi\nC. t\u00f6rv\u00e9ny (Sztv.) rendelkez\u00e9sei jelentik. Az adatkezel\u00e9s\njogalapja az Infotv. 5. \u00a7 (1) bekezd\u00e9s a) pontj\u00e1val \u00f6sszhangban\naz \u00d6n hozz\u00e1j\u00e1rul\u00e1sa, valamint \u2013 hozz\u00e1j\u00e1rul\u00e1sa visszavon\u00e1sa\neset\u00e9n \u2013 az Infotv. 6 \u00a7 (5) bekezd\u00e9se a) pontja alapj\u00e1n az\nAdatkezel\u0151t terhel\u0151, Sztv-ben megfogalmazott jogi k\u00f6telezetts\u00e9g\nteljes\u00edt\u00e9se.<\/p>\n\n\n\n<p>Az\nadatkezel\u00e9s c\u00e9lja:<\/p>\n\n\n\n<p>A\njogszab\u00e1lyoknak megfelel\u0151 sz\u00e1mla ki\u00e1ll\u00edt\u00e1sa \u00e9s a sz\u00e1mviteli\nbizonylat-meg\u0151rz\u00e9si k\u00f6telezetts\u00e9g teljes\u00edt\u00e9se. Az Sztv. 169. \u00a7\n(1)-(2) bekezd\u00e9se alapj\u00e1n a gazdas\u00e1gi t\u00e1rsas\u00e1goknak a\nk\u00f6nyvviteli elsz\u00e1mol\u00e1st k\u00f6zvetlen\u00fcl \u00e9s k\u00f6zvetetten al\u00e1t\u00e1maszt\u00f3\nsz\u00e1mviteli bizonylatot meg kell \u0151rizni\u00fck.<\/p>\n\n\n\n<p>A\nkezelt adatok k\u00f6re:<\/p>\n\n\n\n<p>N\u00e9v,\nc\u00edm, e-mail c\u00edm, telefonsz\u00e1m.<\/p>\n\n\n\n<p>Az\nadatkezel\u00e9s id\u0151tartama:<\/p>\n\n\n\n<p>A\nki\u00e1ll\u00edtott sz\u00e1ml\u00e1kat az Sztv. 169. \u00a7 (2) bekezd\u00e9se alapj\u00e1n a\nsz\u00e1mla ki\u00e1ll\u00edt\u00e1s\u00e1t\u00f3l sz\u00e1m\u00edtott 8 \u00e9vig meg kell \u0151rizni.\nT\u00e1j\u00e9koztatjuk arr\u00f3l, hogy amennyiben a sz\u00e1mla ki\u00e1ll\u00edt\u00e1s\u00e1hoz\nadott hozz\u00e1j\u00e1rul\u00e1s\u00e1t visszavonja, az Adatkezel\u0151 az Infotv. 6. \u00a7\n(5) bekezd\u00e9s a) pontja alapj\u00e1n jogosult a sz\u00e1mla ki\u00e1ll\u00edt\u00e1sa\nsor\u00e1n megismert szem\u00e9lyes adatait 8 \u00e9vig meg\u0151rizni.<\/p>\n\n\n\n<p>Tov\u00e1bbi\nadatkezel\u00e9sek:<\/p>\n\n\n\n<p>Amennyiben\naz Adatkezel\u0151 tov\u00e1bbi adatkezel\u00e9st k\u00edv\u00e1n v\u00e9gezni, akkor\nel\u0151zetes t\u00e1j\u00e9koztatat\u00e1st ny\u00fajt az adatkezel\u00e9s l\u00e9nyeges\nk\u00f6r\u00fclm\u00e9nyeir\u0151l (adatkezel\u00e9s jogszab\u00e1lyi h\u00e1ttere \u00e9s jogalapja,\naz adatkezel\u00e9s c\u00e9lja, a kezelt adatok k\u00f6re, az adatkezel\u00e9s\nid\u0151tartama).<\/p>\n\n\n\n<p>T\u00e1j\u00e9koztatjuk\n\u00d6nt arr\u00f3l, hogy a hat\u00f3s\u00e1gok t\u00f6rv\u00e9nyi felhatalmaz\u00e1son alapul\u00f3,\n\u00edr\u00e1sbeli adatk\u00e9r\u00e9seit az Adatkezel\u0151nek teljes\u00edtenie kell. Az\nAdatkezel\u0151 az adattov\u00e1bb\u00edt\u00e1sokr\u00f3l az Infotv. 15. \u00a7 (2)-(3)\nbekezd\u00e9s\u00e9vel \u00f6sszhangban nyilv\u00e1ntart\u00e1st vezet (mely hat\u00f3s\u00e1gnak,\nmilyen szem\u00e9lyes adatot, milyen jogalapon, mikor tov\u00e1bb\u00edtott az\nAdatkezel\u0151), amelynek tartalm\u00e1r\u00f3l k\u00e9r\u00e9s\u00e9re az Adatkezel\u0151\nt\u00e1j\u00e9koztat\u00e1st ny\u00fajt, kiv\u00e9ve, ha a t\u00e1j\u00e9koztat\u00e1s\u00e1t t\u00f6rv\u00e9ny\nkiz\u00e1rja.<\/p>\n\n\n\n<p>Adatfeldolgoz\u00f3\nig\u00e9nybev\u00e9tel\u00e9r\u0151l \u00e9s az adatkezel\u00e9shez kapcsol\u00f3d\u00f3\ntev\u00e9kenys\u00e9g\u00fckr\u0151l<\/p>\n\n\n\n<ul class=\"wp-block-list\"><li>A\n\tszem\u00e9lyes adatok t\u00e1rol\u00e1s\u00e1ra ir\u00e1nyul\u00f3 adatfeldolgoz\u00e1s\n<\/li><\/ul>\n\n\n\n<p>K\u00f6nyvel\u00e9ssel\nkapcsolatos adatkezel\u00e9s<\/p>\n\n\n\n<p>Az\nadatfeldolgoz\u00f3 megnevez\u00e9se:<\/p>\n\n\n\n<p>Zs-K\u00f6nyv\nKft.<\/p>\n\n\n\n<p>Az\nadatfeldolgoz\u00f3 el\u00e9rhet\u0151s\u00e9gei:<\/p>\n\n\n\n<p>Telefonsz\u00e1m:\n06\/34\/301-561, E-mail c\u00edm: <a href=\"mailto:zskonyvkft@gmail.com\">zskonyvkft@gmail.com<\/a><\/p>\n\n\n\n<p>Az\nadatfeldolgoz\u00f3 megnevez\u00e9se:<\/p>\n\n\n\n<p>CS80\nKft.<\/p>\n\n\n\n<p>Telefonsz\u00e1m:\n06\/20\/29\/39\/999, E-mail c\u00edm: info@cs-sprint.hu<\/p>\n\n\n\n<p>Az\nAdatfeldolgoz\u00f3 az Adatkezel\u0151vel k\u00f6t\u00f6tt \u00edr\u00e1sbeli szerz\u0151d\u00e9s\nalapj\u00e1n a szem\u00e9lyes adatok t\u00e1rol\u00e1s\u00e1t v\u00e9gzi. A szem\u00e9lyes adatok\nmegismer\u00e9s\u00e9re nem jogosult.<\/p>\n\n\n\n<p>Az\nAdatfelodolgoz\u00f3 az Adatkezel\u0151vel k\u00f6t\u00f6tt \u00edr\u00e1sbeli szerz\u0151d\u00e9s\nalapj\u00e1n k\u00f6zrem\u0171k\u00f6dik a sz\u00e1mviteli bizonylatok k\u00f6nyvel\u00e9s\u00e9ben.\nEnnek sor\u00e1n az Adatfeldolgoz\u00f3 az \u00e9rintett nev\u00e9t \u00e9s c\u00edm\u00e9t a\nsz\u00e1mviteli nyilv\u00e1ntart\u00e1shoz sz\u00fcks\u00e9ges m\u00e9rt\u00e9kben, a Sztv. 169.\n\u00a7 (2) bekezd\u00e9s\u00e9nek megfelel\u0151 id\u0151tartamban kezeli, ezt k\u00f6vet\u0151en\nhalad\u00e9ktalanul t\u00f6rli.<\/p>\n\n\n\n<p>Adatbiztons\u00e1gi\nint\u00e9zked\u00e9sek<\/p>\n\n\n\n<p>Az\nAdatkezel\u0151 kijelenti, hogy megfelel\u0151 biztons\u00e1gi int\u00e9zked\u00e9seket\nhozott annak \u00e9rdek\u00e9ben, hogy a szem\u00e9lyes adatok v\u00e9dje a\njogosulatlan hozz\u00e1f\u00e9r\u00e9s, megv\u00e1ltoztat\u00e1s, tov\u00e1bb\u00edt\u00e1s,\nnyilv\u00e1noss\u00e1gra hozatal, t\u00f6rl\u00e9s vagy megsemmis\u00edt\u00e9s, valamint a\nv\u00e9letlen megsemmis\u00fcl\u00e9s \u00e9s s\u00e9r\u00fcl\u00e9s, tov\u00e1bb\u00e1 az alkalmazott\ntechnika megv\u00e1ltoz\u00e1s\u00e1b\u00f3l fakad\u00f3 hozz\u00e1f\u00e9rhetetlenn\u00e9 v\u00e1l\u00e1s\nellen.<\/p>\n\n\n\n<p>Az\nadatkezel\u00e9s sor\u00e1n \u00d6nt megillet\u0151 jogok<\/p>\n\n\n\n<p>Az\nadatkezel\u00e9s id\u0151tartam\u00e1n bel\u00fcl \u00d6nt megilleti:<\/p>\n\n\n\n<ul class=\"wp-block-list\"><li>a\n\tt\u00e1j\u00e9koztat\u00e1shoz val\u00f3 jog,\n\t<\/li><li>az\n\tadatok helyesb\u00edt\u00e9s\u00e9hez val\u00f3 jog,\n\t<\/li><li>az\n\tadatok t\u00f6rl\u00e9s\u00e9hez val\u00f3 jog,\n\t<\/li><li>az\n\tadatok z\u00e1rol\u00e1s\u00e1hoz val\u00f3 jog,\n\t<\/li><li>a\n\ttiltakoz\u00e1s joga.\n<\/li><\/ul>\n\n\n\n<p>\u00d6n\naz adatkezel\u00e9s id\u0151tartam\u00e1n bel\u00fcl t\u00e1j\u00e9koztat\u00e1st k\u00e9rhet az\nAdatkezel\u0151t\u0151l a szem\u00e9lyes adatai \n<\/p>\n\n\n\n<p>kezel\u00e9s\u00e9r\u0151l.\nAz Adatkezel\u0151 a k\u00e9relem beny\u00fajt\u00e1s\u00e1t\u00f3l sz\u00e1m\u00edtott legr\u00f6videbb\nid\u0151 alatt, legfeljebb \n<\/p>\n\n\n\n<p>azonban\n25 napon bel\u00fcl \u00edr\u00e1sban, k\u00f6z\u00e9rthet\u0151 form\u00e1ban t\u00e1j\u00e9koztatja \u00d6nt\na kezelt adatokr\u00f3l, az \n<\/p>\n\n\n\n<p>adatkezel\u00e9s\nc\u00e9lj\u00e1r\u00f3l, jogalapj\u00e1r\u00f3l, id\u0151tartam\u00e1r\u00f3l, tov\u00e1bb\u00e1 \u2013\namennyiben az adatok tov\u00e1bb\u00edt\u00e1s\u00e1ra is sor ker\u00fclt \u2013 arr\u00f3l,\nhogy kik \u00e9s milyen c\u00e9lb\u00f3l kapj\u00e1k vagy kapt\u00e1k meg az adatokat.<\/p>\n\n\n\n<p>\u00d6n\naz adatkezel\u00e9s id\u0151tartam\u00e1n bel\u00fcl k\u00e9rheti, hogy az Adatkezel\u0151 a\nszem\u00e9lyes adatait helyesb\u00edtse.<\/p>\n\n\n\n<p>A\nk\u00e9r\u00e9s\u00e9nek az Adatkezel\u0151 legk\u00e9s\u0151bb 15 napon bel\u00fcl eleget tesz.<\/p>\n\n\n\n<p>\u00d6nnek\nlehet\u0151s\u00e9ge van a szem\u00e9lyes adatainak t\u00f6rl\u00e9s\u00e9t k\u00e9rni, amelynek\naz Adatkezel\u0151 legk\u00e9s\u0151bb 15 napon bel\u00fcl eleget tesz. A t\u00f6rl\u00e9s\njoga nem terjed ki arra, ha az Adatkezel\u0151t t\u00f6rv\u00e9ny k\u00f6telezi az\nadatok tov\u00e1bbi t\u00e1rol\u00e1s\u00e1ra, illetve arra az esetre, sem ha az\nInfotv. 6. \u00a7 (5) bekezd\u00e9s\u00e9vel \u00f6sszhangban az Adatkezel\u0151 jogosult\na szem\u00e9lyes adatok tov\u00e1bbi kezel\u00e9s\u00e9re (\u00edgy p\u00e9ld\u00e1ul a\nsz\u00e1ml\u00e1z\u00e1ssal \u00f6sszef\u00fcgg\u00e9sben).<\/p>\n\n\n\n<p>\u00d6n\nk\u00e9rheti, hogy az Adatkezel\u0151 z\u00e1rolja a szem\u00e9lyes adatot, ha az\nadatok v\u00e9gleges t\u00f6rl\u00e9s s\u00e9rten\u00e9 az \u00e9rintett jogos \u00e9rdekeit. Az\n\u00edgy z\u00e1rolt szem\u00e9lyes adat kiz\u00e1r\u00f3lag addig kezelhet\u0151, ameddig\nfenn\u00e1ll az a c\u00e9l, amely a szem\u00e9lyes adat t\u00f6rl\u00e9s\u00e9t kiz\u00e1rta.<\/p>\n\n\n\n<p>\u00d6n\ntiltakozhat szem\u00e9lyes adat\u00e1nak kezel\u00e9se ellen,<\/p>\n\n\n\n<ul class=\"wp-block-list\"><li>ha\n\ta szem\u00e9lyes adatok kezel\u00e9se vagy tov\u00e1bb\u00edt\u00e1sa kiz\u00e1r\u00f3lag az\n\tAdatkezel\u0151re vonatkoz\u00f3 jogi k\u00f6telezetts\u00e9g teljes\u00edt\u00e9s\u00e9hez vagy\n\taz Adatkezel\u0151, adat\u00e1tvev\u0151 vagy harmadik szem\u00e9ly jogos \n\t\n<\/li><\/ul>\n\n\n\n<p>\u00e9rdek\u00e9nek\n\u00e9rv\u00e9nyes\u00edt\u00e9s\u00e9hez sz\u00fcks\u00e9ges, kiv\u00e9ve k\u00f6telez\u0151 adatkezel\u00e9s\neset\u00e9n \u00e9s az Infotv. 6. \u00a7 \n<\/p>\n\n\n\n<p>(5)\nbekezd\u00e9s\u00e9ben foglalt esetben;<\/p>\n\n\n\n<ul class=\"wp-block-list\"><li>ha\n\ta szem\u00e9lyes adat felhaszn\u00e1l\u00e1sa vagy tov\u00e1bb\u00edt\u00e1sa \u2013 az \u00d6n\n\thozz\u00e1j\u00e1rul\u00e1sa n\u00e9lk\u00fcl k\u00f6zvetlen \u00fczletszerz\u00e9s,\n\tk\u00f6zv\u00e9lem\u00e9ny-kutat\u00e1s vagy tudom\u00e1nyos kutat\u00e1s c\u00e9lj\u00e1ra\n\tt\u00f6rt\u00e9nik.\n<\/li><\/ul>\n\n\n\n<p>Az\nAdatkezel\u0151 a tiltakoz\u00e1st a k\u00e9relem beny\u00fajt\u00e1s\u00e1t\u00f3l sz\u00e1m\u00edtott\nlegr\u00f6videbb id\u0151n bel\u00fcl, de legfeljebb 15 napon bel\u00fcl\nmegvizsg\u00e1lja, annak megalapozotts\u00e1ga k\u00e9rd\u00e9s\u00e9ben d\u00f6nt\u00e9st hoz,\n\u00e9s d\u00f6nt\u00e9s\u00e9r\u0151l \u00d6nt \u00edr\u00e1sban t\u00e1j\u00e9koztatja. Ha az adatkezel\u0151\naz \u00e9rintett helyesb\u00edt\u00e9s, z\u00e1rol\u00e1s vagy t\u00f6rl\u00e9s ir\u00e1nti k\u00e9relm\u00e9t\nnem teljes\u00edti, a k\u00e9relem k\u00e9zhezv\u00e9tel\u00e9t k\u00f6vet\u0151 25 napon bel\u00fcl\n\u00edr\u00e1sban vagy az \u00e9rintett hozz\u00e1j\u00e1rul\u00e1s\u00e1val elektronikus \u00faton\nk\u00f6zli a helyesb\u00edt\u00e9s, z\u00e1rol\u00e1s vagy t\u00f6rl\u00e9s ir\u00e1nti k\u00e9relem\nelutas\u00edt\u00e1s\u00e1nak t\u00e9nybeli \u00e9s jogi indokait.<\/p>\n\n\n\n<p>Jogorvoslati\nlehet\u0151s\u00e9gek<\/p>\n\n\n\n<p>Amennyiben\n\u00d6n szerint az Adatkezel\u0151 megs\u00e9rtette valamely, az adatkezel\u00e9sre\nvonatkoz\u00f3 t\u00f6rv\u00e9nyi rendelkez\u00e9st, vagy nem teljes\u00edtette valamely\nk\u00e9relm\u00e9t, akkor v\u00e9lelmezett jogellenes adatkezel\u00e9s megsz\u00fcntet\u00e9se\n\u00e9rdek\u00e9ben a Nemzeti Adatv\u00e9delmi \u00e9s Inform\u00e1ci\u00f3szabads\u00e1g Hat\u00f3s\u00e1g\nvizsg\u00e1lati elj\u00e1r\u00e1s\u00e1t kezdem\u00e9nyezheti (levelez\u00e9si c\u00edm: 1530\nBudapest, Pf.: 5., e-mail: \n<\/p>\n\n\n\n<p><a href=\"mailto:ugyfelszolgalat@naih.hu\">ugyfelszolgalat@naih.hu<\/a>).<\/p>\n\n\n\n<p>T\u00e1j\u00e9koztatjuk\nemellett arr\u00f3l is, hogy az adatkezel\u00e9sre vonatkoz\u00f3 t\u00f6rv\u00e9nyi\nrendelkez\u00e9sek megs\u00e9rt\u00e9se eset\u00e9n, vagy ha az Adatkezel\u0151 nem\nteljes\u00edtette valamely k\u00e9relm\u00e9t, akkor az Adatkezel\u0151vel szemben\nb\u00edr\u00f3s\u00e1ghoz fordulhat.<\/p>\n\n\n\n<p>Adatv\u00e9delmi\nnyilv\u00e1ntart\u00e1sba t\u00f6rt\u00e9n\u0151 bejelentkez\u00e9s<\/p>\n\n\n\n<p>Az\nInfotv. rendelkez\u00e9sei \u00e9rtelm\u00e9ben az Adatkezel\u0151nek bizonyos\nadatkezel\u00e9seit be kell jelentenie az adatv\u00e9delmi nyilv\u00e1ntart\u00e1sba.<\/p>\n\n\n\n<p>Adatkezel\u00e9si\nt\u00e1j\u00e9koztat\u00f3 m\u00f3dos\u00edt\u00e1sa<\/p>\n\n\n\n<p>Az\nAdatkezel\u0151 fenntartja a jogot, hogy jelen adatkezel\u00e9si t\u00e1j\u00e9koztat\u00f3t\nm\u00f3dos\u00edtsa. A honlap \n<\/p>\n\n\n\n<p>m\u00f3dos\u00edt\u00e1s\nhat\u00e1lybal\u00e9p\u00e9s\u00e9t k\u00f6vet\u0151 haszn\u00e1lat\u00e1val elfogadja a m\u00f3dos\u00edtott\nadatkezel\u00e9si t\u00e1j\u00e9koztat\u00f3t.<\/p>\n","protected":false},"excerpt":{"rendered":"<p>Adatkezel\u00e9si t\u00e1j\u00e9koztat\u00f3 Tartalomjegyz\u00e9k Adatkezel\u00e9si t\u00e1j\u00e9koztat\u00f3 Adatkezel\u0151 adatai A honlapon v\u00e9gzett adatkezel\u00e9sek jogszab\u00e1lyi h\u00e1ttere, jogalapja, c\u00e9lja, a kezelt szem\u00e9lyes adatok k\u00f6re, valamint az adatkezel\u00e9s id\u0151tartama Adatfeldolgoz\u00e1s Adatbiztons\u00e1gi int\u00e9zked\u00e9sek Az \u00e9rintett jogai Jogorvoslatok Adatkezel\u0151 neve, el\u00e9rhet\u0151s\u00e9gei: Az adatkezel\u0151 megnevez\u00e9se: Stancforma Kft. (a tov\u00e1bbiakban: megb\u00edzott adatkezel\u0151) Az adatkezel\u0151 levelez\u00e9si c\u00edme: 2800 Tatab\u00e1nya, F\u00fcrd\u0151 utca 55. Az adatkezel\u0151 e-mail [&hellip;]<\/p>\n","protected":false},"author":1,"featured_media":0,"parent":0,"menu_order":0,"comment_status":"closed","ping_status":"closed","template":"","meta":{"_et_pb_use_builder":"off","_et_pb_old_content":"","_et_gb_content_width":"","footnotes":""},"class_list":["post-955","page","type-page","status-publish","hentry"],"_links":{"self":[{"href":"https:\/\/stancforma.hu\/index.php?rest_route=\/wp\/v2\/pages\/955","targetHints":{"allow":["GET"]}}],"collection":[{"href":"https:\/\/stancforma.hu\/index.php?rest_route=\/wp\/v2\/pages"}],"about":[{"href":"https:\/\/stancforma.hu\/index.php?rest_route=\/wp\/v2\/types\/page"}],"author":[{"embeddable":true,"href":"https:\/\/stancforma.hu\/index.php?rest_route=\/wp\/v2\/users\/1"}],"replies":[{"embeddable":true,"href":"https:\/\/stancforma.hu\/index.php?rest_route=%2Fwp%2Fv2%2Fcomments&post=955"}],"version-history":[{"count":3,"href":"https:\/\/stancforma.hu\/index.php?rest_route=\/wp\/v2\/pages\/955\/revisions"}],"predecessor-version":[{"id":2527,"href":"https:\/\/stancforma.hu\/index.php?rest_route=\/wp\/v2\/pages\/955\/revisions\/2527"}],"wp:attachment":[{"href":"https:\/\/stancforma.hu\/index.php?rest_route=%2Fwp%2Fv2%2Fmedia&parent=955"}],"curies":[{"name":"wp","href":"https:\/\/api.w.org\/{rel}","templated":true}]}}