{"id":565,"date":"2018-12-19T10:32:19","date_gmt":"2018-12-19T10:32:19","guid":{"rendered":"http:\/\/stancforma.hu\/order\/"},"modified":"2019-01-13T02:10:01","modified_gmt":"2019-01-13T02:10:01","slug":"order","status":"publish","type":"page","link":"https:\/\/stancforma.hu\/?page_id=565&lang=en","title":{"rendered":"Order"},"content":{"rendered":"<p>[et_pb_section bb_built=&#8221;1&#8243;][et_pb_row][et_pb_column type=&#8221;4_4&#8243;][et_pb_text]<\/p>\n<p><h1>K\u00e9rj\u00fck megrendel\u00e9shez jelentkezzen be!<\/h1>\r\nA megrendel\u00e9s csak regisztr\u00e1lt partnereinknek el\u00e9rhet\u0151. K\u00e9rj\u00fck regisztr\u00e1lja mag\u00e1t rendszer\u00fcnkben! A regisztr\u00e1ci\u00f3t k\u00f6vet\u0151en azonnal leadhatja megrendel\u00e9s\u00e9t! Amennyiben m\u00e1r regisztr\u00e1lt, k\u00e9rj\u00fck jelentkezzen be! Weboldalunk teljes meg\u00fajul\u00e1sa miatt megk\u00e9r\u00fcnk minden kedves kor\u00e1bban regiszt\u00e1lt partner\u00fcnket, hogy regisztr\u00e1lja mag\u00e1t \u00fajra! K\u00f6sz\u00f6nj\u00fck!\r\n<div class=\"et_pb_row et_pb_row_2 et_pb_equal_columns et_pb_gutters1 et_pb_row_fullwidth\">\r\n\r\n<div class=\"et_pb_column et_pb_column_1_2 et_pb_column_5 et_pb_css_mix_blend_mode_passthrough\">\r\n\r\n<div class=\"et_pb_button_module_wrapper et_pb_button_0_wrapper et_pb_button_alignment_center et_pb_module \">\r\n\t<a class=\"et_pb_button et_pb_button_0 et_pb_bg_layout_light\" href=\"\/?page_id=62\" style=\"\">Bejelentkez\u00e9s<\/a>\r\n<\/div>\r\n<\/div>\r\n\r\n<div class=\"et_pb_column et_pb_column_1_2 et_pb_column_6 et_pb_css_mix_blend_mode_passthrough\">\r\n\r\n<div class=\"et_pb_button_module_wrapper et_pb_button_0_wrapper et_pb_button_alignment_center et_pb_module \">\r\n\t<a class=\"et_pb_button et_pb_button_0 et_pb_bg_layout_light\" href=\"\/?page_id=63\" style=\"\">Regisztr\u00e1ci\u00f3<\/a>\r\n<\/div>\r\n<\/div>\r\n<\/div>\r\n\r\n<hr \/>\r\n\r\n<h1>Please login first!<\/h1>\r\nThe order is only available to our registered partners. Please register yourself in our website! You can immediately submit your order after registration. If you are already registered, please log in. Due to the complete renewal of our website you have to register your account again! Thank You!\r\n<div class=\"et_pb_row et_pb_row_2 et_pb_equal_columns et_pb_gutters1 et_pb_row_fullwidth\">\r\n\r\n<div class=\"et_pb_column et_pb_column_1_2 et_pb_column_5 et_pb_css_mix_blend_mode_passthrough\">\r\n\r\n<div class=\"et_pb_button_module_wrapper et_pb_button_0_wrapper et_pb_button_alignment_center et_pb_module \">\r\n\t<a class=\"et_pb_button et_pb_button_0 et_pb_bg_layout_light\" href=\"\/?page_id=552&lang=en\" style=\"\">Login<\/a>\r\n<\/div>\r\n<\/div>\r\n\r\n<div class=\"et_pb_column et_pb_column_1_2 et_pb_column_6 et_pb_css_mix_blend_mode_passthrough\">\r\n\r\n<div class=\"et_pb_button_module_wrapper et_pb_button_0_wrapper et_pb_button_alignment_center et_pb_module \">\r\n\t<a class=\"et_pb_button et_pb_button_0 et_pb_bg_layout_light\" href=\"\/?page_id=558&lang=en\" style=\"\">Register<\/a>\r\n<\/div>\r\n<\/div>\r\n<\/div><\/p>\n<p>[\/et_pb_text][\/et_pb_column][\/et_pb_row][\/et_pb_section]<\/p>\n","protected":false},"excerpt":{"rendered":"<p><div class=\"et_pb_row et_pb_row_0 et_pb_row_empty\">\n\t\t\t\t\n\t\t\t\t\n\t\t\t\t\n\t\t\t\t\n\t\t\t\t\n\t\t\t<\/div><div class=\"et_pb_module et_pb_text et_pb_text_0  et_pb_text_align_left et_pb_bg_layout_light\">\n\t\t\t\t\n\t\t\t\t\n\t\t\t\t\n\t\t\t\t\n\t\t\t\t\n\t\t\t<\/div> <p><h1>K\u00e9rj\u00fck megrendel\u00e9shez jelentkezzen be!<\/h1>\r\nA megrendel\u00e9s csak regisztr\u00e1lt partnereinknek el\u00e9rhet\u0151. K\u00e9rj\u00fck regisztr\u00e1lja mag\u00e1t rendszer\u00fcnkben! A regisztr\u00e1ci\u00f3t k\u00f6vet\u0151en azonnal leadhatja megrendel\u00e9s\u00e9t! Amennyiben m\u00e1r regisztr\u00e1lt, k\u00e9rj\u00fck jelentkezzen be! Weboldalunk teljes meg\u00fajul\u00e1sa miatt megk\u00e9r\u00fcnk minden kedves kor\u00e1bban regiszt\u00e1lt partner\u00fcnket, hogy regisztr\u00e1lja mag\u00e1t \u00fajra! K\u00f6sz\u00f6nj\u00fck!\r\n<div class=\"et_pb_row et_pb_row_2 et_pb_equal_columns et_pb_gutters1 et_pb_row_fullwidth\">\r\n\r\n<div class=\"et_pb_column et_pb_column_1_2 et_pb_column_5 et_pb_css_mix_blend_mode_passthrough\">\r\n\r\n<div class=\"et_pb_button_module_wrapper et_pb_button_0_wrapper et_pb_button_alignment_center et_pb_module \">\r\n\t<a class=\"et_pb_button et_pb_button_0 et_pb_bg_layout_light\" href=\"\/?page_id=62\" style=\"\">Bejelentkez\u00e9s<\/a>\r\n<\/div>\r\n<\/div>\r\n\r\n<div class=\"et_pb_column et_pb_column_1_2 et_pb_column_6 et_pb_css_mix_blend_mode_passthrough\">\r\n\r\n<div class=\"et_pb_button_module_wrapper et_pb_button_0_wrapper et_pb_button_alignment_center et_pb_module \">\r\n\t<a class=\"et_pb_button et_pb_button_0 et_pb_bg_layout_light\" href=\"\/?page_id=63\" style=\"\">Regisztr\u00e1ci\u00f3<\/a>\r\n<\/div>\r\n<\/div>\r\n<\/div>\r\n\r\n<hr \/>\r\n\r\n<h1>Please login first!<\/h1>\r\nThe order is only available to our registered partners. Please register yourself in our website! You can immediately submit your order after registration. If you are already registered, please log in. Due to the complete renewal of our website you have to register your account again! Thank You!\r\n<div class=\"et_pb_row et_pb_row_2 et_pb_equal_columns et_pb_gutters1 et_pb_row_fullwidth\">\r\n\r\n<div class=\"et_pb_column et_pb_column_1_2 et_pb_column_5 et_pb_css_mix_blend_mode_passthrough\">\r\n\r\n<div class=\"et_pb_button_module_wrapper et_pb_button_0_wrapper et_pb_button_alignment_center et_pb_module \">\r\n\t<a class=\"et_pb_button et_pb_button_0 et_pb_bg_layout_light\" href=\"\/?page_id=552&lang=en\" style=\"\">Login<\/a>\r\n<\/div>\r\n<\/div>\r\n\r\n<div class=\"et_pb_column et_pb_column_1_2 et_pb_column_6 et_pb_css_mix_blend_mode_passthrough\">\r\n\r\n<div class=\"et_pb_button_module_wrapper et_pb_button_0_wrapper et_pb_button_alignment_center et_pb_module \">\r\n\t<a class=\"et_pb_button et_pb_button_0 et_pb_bg_layout_light\" href=\"\/?page_id=558&lang=en\" style=\"\">Register<\/a>\r\n<\/div>\r\n<\/div>\r\n<\/div><\/p><\/p>\n","protected":false},"author":1,"featured_media":0,"parent":0,"menu_order":0,"comment_status":"closed","ping_status":"closed","template":"","meta":{"_et_pb_use_builder":"on","_et_pb_old_content":"<p>[gravityform id=\"1\" title=\"true\" description=\"true\"]<\/p>","_et_gb_content_width":"","footnotes":""},"class_list":["post-565","page","type-page","status-publish","hentry"],"_links":{"self":[{"href":"https:\/\/stancforma.hu\/index.php?rest_route=\/wp\/v2\/pages\/565","targetHints":{"allow":["GET"]}}],"collection":[{"href":"https:\/\/stancforma.hu\/index.php?rest_route=\/wp\/v2\/pages"}],"about":[{"href":"https:\/\/stancforma.hu\/index.php?rest_route=\/wp\/v2\/types\/page"}],"author":[{"embeddable":true,"href":"https:\/\/stancforma.hu\/index.php?rest_route=\/wp\/v2\/users\/1"}],"replies":[{"embeddable":true,"href":"https:\/\/stancforma.hu\/index.php?rest_route=%2Fwp%2Fv2%2Fcomments&post=565"}],"version-history":[{"count":3,"href":"https:\/\/stancforma.hu\/index.php?rest_route=\/wp\/v2\/pages\/565\/revisions"}],"predecessor-version":[{"id":850,"href":"https:\/\/stancforma.hu\/index.php?rest_route=\/wp\/v2\/pages\/565\/revisions\/850"}],"wp:attachment":[{"href":"https:\/\/stancforma.hu\/index.php?rest_route=%2Fwp%2Fv2%2Fmedia&parent=565"}],"curies":[{"name":"wp","href":"https:\/\/api.w.org\/{rel}","templated":true}]}}