{"id":388,"date":"2018-11-16T15:28:58","date_gmt":"2018-11-16T15:28:58","guid":{"rendered":"http:\/\/stancforma.hu\/?page_id=388"},"modified":"2019-03-29T07:43:07","modified_gmt":"2019-03-29T07:43:07","slug":"cad-cam-rendszer-cnc-gepek","status":"publish","type":"page","link":"https:\/\/stancforma.hu\/?page_id=388","title":{"rendered":"CAD-CAM rendszer (CNC-g\u00e9pek)"},"content":{"rendered":"<p>[et_pb_section fb_built=&#8221;1&#8243; _builder_version=&#8221;3.17.6&#8243;][et_pb_row _builder_version=&#8221;3.17.6&#8243;][et_pb_column type=&#8221;4_4&#8243; _builder_version=&#8221;3.17.6&#8243; parallax=&#8221;off&#8221; parallax_method=&#8221;on&#8221;][et_pb_text _builder_version=&#8221;3.17.6&#8243;]<\/p>\n<h3>Term\u00e9kek<\/h3>\n<p>S\u00edk kimetsz\u0151 szersz\u00e1mok gy\u00e1rt\u00e1sa az al\u00e1bbi anyagokhoz:<\/p>\n<p>[\/et_pb_text][et_pb_accordion _builder_version=&#8221;3.19.9&#8243; body_font=&#8221;||||||||&#8221; toggle_font=&#8221;||||||||&#8221; border_radii=&#8221;on|10px|10px|10px|10px&#8221; animation_style=&#8221;fade&#8221;][et_pb_accordion_item title=&#8221;C\u00edmke, etikett&#8221; open=&#8221;off&#8221; _builder_version=&#8221;3.19.9&#8243; title_text_shadow_horizontal_length=&#8221;0em&#8221; title_text_shadow_vertical_length=&#8221;0em&#8221; title_text_shadow_blur_strength=&#8221;0em&#8221; body_text_shadow_horizontal_length=&#8221;0em&#8221; body_text_shadow_vertical_length=&#8221;0em&#8221; body_text_shadow_blur_strength=&#8221;0em&#8221;]<\/p>\n<ul>\n<li>12-16 mm k\u00e9smagass\u00e1g<\/li>\n<li>pol\u00edrozott k\u00e9sek a t\u00f6k\u00e9letes v\u00e1g\u00e1si eredm\u00e9nyhez<\/li>\n<li>t\u00f6bbf\u00e9le panel-v\u00e1laszt\u00e9kkal<\/li>\n<\/ul>\n<table>\n<tbody>\n<tr>\n<td><img loading=\"lazy\" decoding=\"async\" src=\"http:\/\/stancforma.hu\/wp-content\/uploads\/2018\/11\/04_cimke_etikett_szerszam_1280x720px-820x365-300x134.jpg\" alt=\"\" class=\"wp-image-470 alignnone size-medium\" width=\"300\" height=\"134\" srcset=\"https:\/\/stancforma.hu\/wp-content\/uploads\/2018\/11\/04_cimke_etikett_szerszam_1280x720px-820x365-300x134.jpg 300w, https:\/\/stancforma.hu\/wp-content\/uploads\/2018\/11\/04_cimke_etikett_szerszam_1280x720px-820x365-768x342.jpg 768w, https:\/\/stancforma.hu\/wp-content\/uploads\/2018\/11\/04_cimke_etikett_szerszam_1280x720px-820x365.jpg 820w\" sizes=\"(max-width: 300px) 100vw, 300px\" \/><\/td>\n<td><img loading=\"lazy\" decoding=\"async\" src=\"http:\/\/stancforma.hu\/wp-content\/uploads\/2019\/02\/etikett2-300x134.jpg\" alt=\"\" class=\"wp-image-1075 alignnone size-medium\" width=\"300\" height=\"134\" \/><\/td>\n<td><img loading=\"lazy\" decoding=\"async\" src=\"http:\/\/stancforma.hu\/wp-content\/uploads\/2018\/11\/01_cimke_etikett_szerszam_1280x720px-820x365-300x134.jpg\" alt=\"\" class=\"wp-image-466 alignnone size-medium\" width=\"300\" height=\"134\" srcset=\"https:\/\/stancforma.hu\/wp-content\/uploads\/2018\/11\/01_cimke_etikett_szerszam_1280x720px-820x365-300x134.jpg 300w, https:\/\/stancforma.hu\/wp-content\/uploads\/2018\/11\/01_cimke_etikett_szerszam_1280x720px-820x365-768x342.jpg 768w, https:\/\/stancforma.hu\/wp-content\/uploads\/2018\/11\/01_cimke_etikett_szerszam_1280x720px-820x365.jpg 820w\" sizes=\"(max-width: 300px) 100vw, 300px\" \/><\/td>\n<td><img loading=\"lazy\" decoding=\"async\" src=\"http:\/\/stancforma.hu\/wp-content\/uploads\/2018\/11\/05_cimke_etikett_szerszam_1280x720px1-820x365-300x134.jpg\" alt=\"\" class=\"wp-image-472 alignnone size-medium\" width=\"300\" height=\"134\" srcset=\"https:\/\/stancforma.hu\/wp-content\/uploads\/2018\/11\/05_cimke_etikett_szerszam_1280x720px1-820x365-300x134.jpg 300w, https:\/\/stancforma.hu\/wp-content\/uploads\/2018\/11\/05_cimke_etikett_szerszam_1280x720px1-820x365-768x342.jpg 768w, https:\/\/stancforma.hu\/wp-content\/uploads\/2018\/11\/05_cimke_etikett_szerszam_1280x720px1-820x365.jpg 820w\" sizes=\"(max-width: 300px) 100vw, 300px\" \/><\/td>\n<\/tr>\n<\/tbody>\n<\/table>\n<p>&nbsp;<\/p>\n<p>[\/et_pb_accordion_item][et_pb_accordion_item title=&#8221;Karton, hull\u00e1mkarton&#8221; open=&#8221;off&#8221; _builder_version=&#8221;3.19.9&#8243; title_text_shadow_horizontal_length=&#8221;0em&#8221; title_text_shadow_vertical_length=&#8221;0em&#8221; title_text_shadow_blur_strength=&#8221;0em&#8221; body_text_shadow_horizontal_length=&#8221;0em&#8221; body_text_shadow_vertical_length=&#8221;0em&#8221; body_text_shadow_blur_strength=&#8221;0em&#8221;]<\/p>\n<ul>\n<li>automata (pl Bobst), t\u00e9gely, hengerstanc, hidraulikus stancol\u00f3 g\u00e9pekhez<\/li>\n<li>dinamikus kit\u00f6r\u0151elemek, \u00edvemel\u0151,<\/li>\n<li>Stripp Clipp System<\/li>\n<li>f\u00e9m meger\u0151s\u00edt\u00e9sek ig\u00e9ny szerinti alkalmaz\u00e1sa<\/li>\n<li>v\u00edzsug\u00e1rral v\u00e1gott, valamint profilgumik be\u00e9p\u00edt\u00e9se ig\u00e9ny szerint<\/li>\n<\/ul>\n<table>\n<tbody>\n<tr>\n<td><img loading=\"lazy\" decoding=\"async\" src=\"http:\/\/stancforma.hu\/wp-content\/uploads\/2018\/11\/05_karton_hullamkarton_1280x720px-820x365-300x134.jpg\" alt=\"\" class=\"wp-image-480 alignnone size-medium\" width=\"300\" height=\"134\" srcset=\"https:\/\/stancforma.hu\/wp-content\/uploads\/2018\/11\/05_karton_hullamkarton_1280x720px-820x365-300x134.jpg 300w, https:\/\/stancforma.hu\/wp-content\/uploads\/2018\/11\/05_karton_hullamkarton_1280x720px-820x365-768x342.jpg 768w, https:\/\/stancforma.hu\/wp-content\/uploads\/2018\/11\/05_karton_hullamkarton_1280x720px-820x365.jpg 820w\" sizes=\"(max-width: 300px) 100vw, 300px\" \/><\/td>\n<td><img loading=\"lazy\" decoding=\"async\" src=\"http:\/\/stancforma.hu\/wp-content\/uploads\/2019\/02\/stripclip-300x134.jpg\" alt=\"\" class=\"wp-image-1079 alignnone size-medium\" width=\"300\" height=\"134\" \/><\/td>\n<td><img loading=\"lazy\" decoding=\"async\" src=\"http:\/\/stancforma.hu\/wp-content\/uploads\/2019\/02\/1419_kicsi-300x134.jpg\" alt=\"\" class=\"wp-image-1081 alignnone size-medium\" width=\"300\" height=\"134\" \/><\/td>\n<td><\/td>\n<\/tr>\n<\/tbody>\n<\/table>\n<p>&nbsp;<\/p>\n<p>[\/et_pb_accordion_item][et_pb_accordion_item title=&#8221;Pertinax&#8221; open=&#8221;on&#8221; _builder_version=&#8221;3.19.9&#8243; title_text_shadow_horizontal_length=&#8221;0em&#8221; title_text_shadow_vertical_length=&#8221;0em&#8221; title_text_shadow_blur_strength=&#8221;0em&#8221; body_text_shadow_horizontal_length=&#8221;0em&#8221; body_text_shadow_vertical_length=&#8221;0em&#8221; body_text_shadow_blur_strength=&#8221;0em&#8221;]<\/p>\n<p>A pertinax lemez stancol\u00e1si seg\u00e9danyag s\u00edk stancol\u00f3g\u00e9pek biegel\u00e9si be\u00e1ll\u00edt\u00e1s\u00e1hoz; CNC-vez\u00e9rl\u00e9s\u0171 mar\u00f3g\u00e9ppel k\u00e9sz\u00edtj\u00fck.<\/p>\n<p>A pertinax helyettes\u00edti a biegcsatorn\u00e1t, ez\u00e1ltal a stancol\u00f3g\u00e9pek be\u00e1ll\u00edt\u00e1si ideje jelent\u0151sen ler\u00f6vid\u00fcl.<\/p>\n<p>A pertinax el\u0151nye, hogy a v\u00e1g\u00f3\u00e9lekn\u00e9l a biegel\u00e9s kifut\u00e1sa pontosabb, mint a biegcsatorna alkalmaz\u00e1s\u00e1n\u00e1l.<\/p>\n<table style=\"width: 100%;\">\n<tbody>\n<tr>\n<td style=\"text-align: center;\"><img loading=\"lazy\" decoding=\"async\" src=\"http:\/\/stancforma.hu\/wp-content\/uploads\/2019\/02\/pertinax-300x160.jpg\" alt=\"\" class=\"wp-image-1088 alignnone size-medium\" width=\"300\" height=\"160\" srcset=\"https:\/\/stancforma.hu\/wp-content\/uploads\/2019\/02\/pertinax-300x160.jpg 300w, https:\/\/stancforma.hu\/wp-content\/uploads\/2019\/02\/pertinax.jpg 500w\" sizes=\"(max-width: 300px) 100vw, 300px\" \/><\/td>\n<td><img loading=\"lazy\" decoding=\"async\" src=\"http:\/\/stancforma.hu\/wp-content\/uploads\/2019\/02\/pertinax_jo-300x160.jpg\" alt=\"\" class=\"wp-image-1086 alignnone size-medium\" width=\"300\" height=\"160\" srcset=\"https:\/\/stancforma.hu\/wp-content\/uploads\/2019\/02\/pertinax_jo-300x160.jpg 300w, https:\/\/stancforma.hu\/wp-content\/uploads\/2019\/02\/pertinax_jo.jpg 500w\" sizes=\"(max-width: 300px) 100vw, 300px\" \/><\/td>\n<\/tr>\n<\/tbody>\n<\/table>\n<p>&nbsp;<\/p>\n<p>[\/et_pb_accordion_item][et_pb_accordion_item title=&#8221;Kartonplaszt&#8221; open=&#8221;off&#8221; _builder_version=&#8221;3.19.9&#8243; title_text_shadow_horizontal_length=&#8221;0em&#8221; title_text_shadow_vertical_length=&#8221;0em&#8221; title_text_shadow_blur_strength=&#8221;0em&#8221; body_text_shadow_horizontal_length=&#8221;0em&#8221; body_text_shadow_vertical_length=&#8221;0em&#8221; body_text_shadow_blur_strength=&#8221;0em&#8221;]<\/p>\n<ul>\n<li>automata (pl Bobst), t\u00e9gely, hengerstanc, hidraulikus stancol\u00f3 g\u00e9pekhez<\/li>\n<li>dinamikus kit\u00f6r\u0151elemek, \u00edvemel\u0151,<\/li>\n<li>Stripp Clipp System<\/li>\n<li>f\u00e9m meger\u0151s\u00edt\u00e9sek ig\u00e9ny szerinti alkalmaz\u00e1sa<\/li>\n<li>v\u00edzsug\u00e1rral v\u00e1gott, valamint profilgumik be\u00e9p\u00edt\u00e9se ig\u00e9ny szerint<\/li>\n<\/ul>\n<table>\n<tbody>\n<tr>\n<td><img loading=\"lazy\" decoding=\"async\" src=\"http:\/\/stancforma.hu\/wp-content\/uploads\/2019\/02\/1421-300x169.jpg\" alt=\"\" class=\"wp-image-1092 alignnone size-medium\" width=\"300\" height=\"169\" srcset=\"https:\/\/stancforma.hu\/wp-content\/uploads\/2019\/02\/1421-300x169.jpg 300w, https:\/\/stancforma.hu\/wp-content\/uploads\/2019\/02\/1421.jpg 500w\" sizes=\"(max-width: 300px) 100vw, 300px\" \/><\/td>\n<td><img loading=\"lazy\" decoding=\"async\" src=\"http:\/\/stancforma.hu\/wp-content\/uploads\/2019\/02\/513-300x169.jpg\" alt=\"\" class=\"wp-image-1094 alignnone size-medium\" width=\"300\" height=\"169\" srcset=\"https:\/\/stancforma.hu\/wp-content\/uploads\/2019\/02\/513-300x169.jpg 300w, https:\/\/stancforma.hu\/wp-content\/uploads\/2019\/02\/513.jpg 500w\" sizes=\"(max-width: 300px) 100vw, 300px\" \/><\/td>\n<td><img loading=\"lazy\" decoding=\"async\" src=\"http:\/\/stancforma.hu\/wp-content\/uploads\/2019\/02\/07_kitoro_szerszamok_1280x720px-1-300x169.jpg\" alt=\"\" class=\"wp-image-1096 alignnone size-medium\" width=\"300\" height=\"169\" srcset=\"https:\/\/stancforma.hu\/wp-content\/uploads\/2019\/02\/07_kitoro_szerszamok_1280x720px-1-300x169.jpg 300w, https:\/\/stancforma.hu\/wp-content\/uploads\/2019\/02\/07_kitoro_szerszamok_1280x720px-1.jpg 500w\" sizes=\"(max-width: 300px) 100vw, 300px\" \/><\/td>\n<\/tr>\n<\/tbody>\n<\/table>\n<p>&nbsp;<\/p>\n<p>[\/et_pb_accordion_item][et_pb_accordion_item title=&#8221;F\u00f3li\u00e1k, m\u0171szaki habok, szivacsok&#8221; open=&#8221;off&#8221; _builder_version=&#8221;3.19.9&#8243; title_text_shadow_horizontal_length=&#8221;0em&#8221; title_text_shadow_vertical_length=&#8221;0em&#8221; title_text_shadow_blur_strength=&#8221;0em&#8221; body_text_shadow_horizontal_length=&#8221;0em&#8221; body_text_shadow_vertical_length=&#8221;0em&#8221; body_text_shadow_blur_strength=&#8221;0em&#8221;]<\/p>\n<footer class=\"entry-meta\">\n<div class=\"entry-content\">\n<div class=\"cmsms_cc\">\n<div class=\"one_first first_column\" data-folder=\"column\" data-type=\"\">\n<div data-folder=\"text\" data-type=\"\">\n<ul>\n<li>100 mm x 4 Pt k\u00e9smagass\u00e1gig<\/li>\n<li>ig\u00e9ny szerint a k\u00e9sek statikus als\u00f3 r\u00f6gz\u00edt\u00e9s\u00e9vel<\/li>\n<\/ul>\n<table>\n<tbody>\n<tr>\n<td><img loading=\"lazy\" decoding=\"async\" src=\"http:\/\/stancforma.hu\/wp-content\/uploads\/2019\/02\/IMG_9696-300x150.jpg\" alt=\"\" class=\"wp-image-1107 alignnone size-medium\" width=\"300\" height=\"150\" srcset=\"https:\/\/stancforma.hu\/wp-content\/uploads\/2019\/02\/IMG_9696-300x150.jpg 300w, https:\/\/stancforma.hu\/wp-content\/uploads\/2019\/02\/IMG_9696.jpg 500w\" sizes=\"(max-width: 300px) 100vw, 300px\" \/><\/td>\n<td><img loading=\"lazy\" decoding=\"async\" src=\"http:\/\/stancforma.hu\/wp-content\/uploads\/2019\/02\/077-300x150.jpg\" alt=\"\" class=\"wp-image-1105 alignnone size-medium\" width=\"300\" height=\"150\" srcset=\"https:\/\/stancforma.hu\/wp-content\/uploads\/2019\/02\/077-300x150.jpg 300w, https:\/\/stancforma.hu\/wp-content\/uploads\/2019\/02\/077.jpg 500w\" sizes=\"(max-width: 300px) 100vw, 300px\" \/><\/td>\n<td><img loading=\"lazy\" decoding=\"async\" src=\"http:\/\/stancforma.hu\/wp-content\/uploads\/2019\/02\/hab_szerszam-300x150.jpg\" alt=\"\" class=\"wp-image-1101 alignnone size-medium\" width=\"300\" height=\"150\" srcset=\"https:\/\/stancforma.hu\/wp-content\/uploads\/2019\/02\/hab_szerszam-300x150.jpg 300w, https:\/\/stancforma.hu\/wp-content\/uploads\/2019\/02\/hab_szerszam.jpg 500w\" sizes=\"(max-width: 300px) 100vw, 300px\" \/><\/td>\n<td><img loading=\"lazy\" decoding=\"async\" src=\"http:\/\/stancforma.hu\/wp-content\/uploads\/2019\/02\/szivacs-300x150.jpg\" alt=\"\" class=\"wp-image-1103 alignnone size-medium\" width=\"300\" height=\"150\" srcset=\"https:\/\/stancforma.hu\/wp-content\/uploads\/2019\/02\/szivacs-300x150.jpg 300w, https:\/\/stancforma.hu\/wp-content\/uploads\/2019\/02\/szivacs.jpg 500w\" sizes=\"(max-width: 300px) 100vw, 300px\" \/><\/td>\n<\/tr>\n<\/tbody>\n<\/table>\n<\/div>\n<\/div>\n<\/div>\n<\/div>\n<\/footer>\n<p>[\/et_pb_accordion_item][et_pb_accordion_item title=&#8221;V\u00e1kuumform\u00e1zott \u00e9s m\u00e9lyh\u00fazott m\u0171anyagok&#8221; open=&#8221;off&#8221; _builder_version=&#8221;3.17.6&#8243; title_text_shadow_horizontal_length=&#8221;0em&#8221; title_text_shadow_vertical_length=&#8221;0em&#8221; title_text_shadow_blur_strength=&#8221;0em&#8221; body_text_shadow_horizontal_length=&#8221;0em&#8221; body_text_shadow_vertical_length=&#8221;0em&#8221; body_text_shadow_blur_strength=&#8221;0em&#8221;]<\/p>\n<ul>\n<li>100 mm x 4 Pt-ig<\/li>\n<li>egyedi ig\u00e9nyek szerint kerettel \u00e9s csavaroz\u00e1ssal val\u00f3 meger\u0151s\u00edt\u00e9ssel<\/li>\n<li>sz\u00fcks\u00e9g eset\u00e9n hegeszt\u00e9ssel a k\u00e9sek stabilit\u00e1s\u00e1nak \u00e9rdek\u00e9ben<\/li>\n<\/ul>\n<table>\n<tbody>\n<tr>\n<td><img loading=\"lazy\" decoding=\"async\" src=\"http:\/\/stancforma.hu\/wp-content\/uploads\/2018\/11\/01_vakuumformazott_melyhuzott_1280x720px-820x365-300x134.jpg\" alt=\"\" class=\"wp-image-488 alignnone size-medium\" width=\"300\" height=\"134\" srcset=\"https:\/\/stancforma.hu\/wp-content\/uploads\/2018\/11\/01_vakuumformazott_melyhuzott_1280x720px-820x365-300x134.jpg 300w, https:\/\/stancforma.hu\/wp-content\/uploads\/2018\/11\/01_vakuumformazott_melyhuzott_1280x720px-820x365-768x342.jpg 768w, https:\/\/stancforma.hu\/wp-content\/uploads\/2018\/11\/01_vakuumformazott_melyhuzott_1280x720px-820x365.jpg 820w\" sizes=\"(max-width: 300px) 100vw, 300px\" \/><\/td>\n<td><img loading=\"lazy\" decoding=\"async\" src=\"http:\/\/stancforma.hu\/wp-content\/uploads\/2018\/11\/03_vakuumformazott_melyhuzott_1280x720px-820x365-300x134.jpg\" alt=\"\" class=\"wp-image-490 alignnone size-medium\" width=\"300\" height=\"134\" srcset=\"https:\/\/stancforma.hu\/wp-content\/uploads\/2018\/11\/03_vakuumformazott_melyhuzott_1280x720px-820x365-300x134.jpg 300w, https:\/\/stancforma.hu\/wp-content\/uploads\/2018\/11\/03_vakuumformazott_melyhuzott_1280x720px-820x365-768x342.jpg 768w, https:\/\/stancforma.hu\/wp-content\/uploads\/2018\/11\/03_vakuumformazott_melyhuzott_1280x720px-820x365.jpg 820w\" sizes=\"(max-width: 300px) 100vw, 300px\" \/><\/td>\n<td><img loading=\"lazy\" decoding=\"async\" src=\"http:\/\/stancforma.hu\/wp-content\/uploads\/2018\/11\/04_vakuumformazott_melyhuzott_1280x720px-820x365-300x134.jpg\" alt=\"\" class=\"wp-image-492 alignnone size-medium\" width=\"300\" height=\"134\" srcset=\"https:\/\/stancforma.hu\/wp-content\/uploads\/2018\/11\/04_vakuumformazott_melyhuzott_1280x720px-820x365-300x134.jpg 300w, https:\/\/stancforma.hu\/wp-content\/uploads\/2018\/11\/04_vakuumformazott_melyhuzott_1280x720px-820x365-768x342.jpg 768w, https:\/\/stancforma.hu\/wp-content\/uploads\/2018\/11\/04_vakuumformazott_melyhuzott_1280x720px-820x365.jpg 820w\" sizes=\"(max-width: 300px) 100vw, 300px\" \/><\/td>\n<td><img loading=\"lazy\" decoding=\"async\" src=\"http:\/\/stancforma.hu\/wp-content\/uploads\/2018\/11\/05_vakuumformazott_melyhuzott_1280x720px-820x365-300x134.jpg\" alt=\"\" class=\"wp-image-494 alignnone size-medium\" width=\"300\" height=\"134\" srcset=\"https:\/\/stancforma.hu\/wp-content\/uploads\/2018\/11\/05_vakuumformazott_melyhuzott_1280x720px-820x365-300x134.jpg 300w, https:\/\/stancforma.hu\/wp-content\/uploads\/2018\/11\/05_vakuumformazott_melyhuzott_1280x720px-820x365-768x342.jpg 768w, https:\/\/stancforma.hu\/wp-content\/uploads\/2018\/11\/05_vakuumformazott_melyhuzott_1280x720px-820x365.jpg 820w\" sizes=\"(max-width: 300px) 100vw, 300px\" \/><\/td>\n<\/tr>\n<\/tbody>\n<\/table>\n<p>[\/et_pb_accordion_item][et_pb_accordion_item title=&#8221;Textil, b\u0151r&#8221; open=&#8221;off&#8221; _builder_version=&#8221;3.19.9&#8243; title_text_shadow_horizontal_length=&#8221;0em&#8221; title_text_shadow_vertical_length=&#8221;0em&#8221; title_text_shadow_blur_strength=&#8221;0em&#8221; body_text_shadow_horizontal_length=&#8221;0em&#8221; body_text_shadow_vertical_length=&#8221;0em&#8221; body_text_shadow_blur_strength=&#8221;0em&#8221;]<\/p>\n<ul>\n<li>Sz\u00fcks\u00e9g eset\u00e9n az illeszt\u00e9si pontokn\u00e1l az elmozdul\u00e1s ellen hegesztve<\/li>\n<li>A t\u00f6k\u00e9letesen folytonos v\u00e1g\u00e1s \u00e9rdek\u00e9ben forrasztva<\/li>\n<\/ul>\n<table>\n<tbody>\n<tr>\n<td><img loading=\"lazy\" decoding=\"async\" src=\"http:\/\/stancforma.hu\/wp-content\/uploads\/2018\/11\/02_textil_bor_1280x720px-300x255-300x255.jpg\" alt=\"\" class=\"wp-image-498 alignnone size-medium\" width=\"300\" height=\"255\" \/><\/td>\n<td><img loading=\"lazy\" decoding=\"async\" src=\"http:\/\/stancforma.hu\/wp-content\/uploads\/2018\/11\/01_textil_bor_386x217px-300x169.jpg\" alt=\"\" class=\"wp-image-496 alignnone size-medium\" width=\"300\" height=\"169\" srcset=\"https:\/\/stancforma.hu\/wp-content\/uploads\/2018\/11\/01_textil_bor_386x217px-300x169.jpg 300w, https:\/\/stancforma.hu\/wp-content\/uploads\/2018\/11\/01_textil_bor_386x217px.jpg 386w\" sizes=\"(max-width: 300px) 100vw, 300px\" \/><\/td>\n<td><img loading=\"lazy\" decoding=\"async\" src=\"http:\/\/stancforma.hu\/wp-content\/uploads\/2019\/02\/textil-300x225.jpg\" alt=\"\" class=\"wp-image-1112 alignnone size-medium\" width=\"300\" height=\"225\" srcset=\"https:\/\/stancforma.hu\/wp-content\/uploads\/2019\/02\/textil-300x225.jpg 300w, https:\/\/stancforma.hu\/wp-content\/uploads\/2019\/02\/textil.jpg 500w\" sizes=\"(max-width: 300px) 100vw, 300px\" \/><\/td>\n<\/tr>\n<\/tbody>\n<\/table>\n<p>&nbsp;<\/p>\n<p>[\/et_pb_accordion_item][et_pb_accordion_item title=&#8221;T\u00f6m\u00edt\u00e9sek&#8221; open=&#8221;off&#8221; _builder_version=&#8221;3.17.6&#8243; title_text_shadow_horizontal_length=&#8221;0em&#8221; title_text_shadow_vertical_length=&#8221;0em&#8221; title_text_shadow_blur_strength=&#8221;0em&#8221; body_text_shadow_horizontal_length=&#8221;0em&#8221; body_text_shadow_vertical_length=&#8221;0em&#8221; body_text_shadow_blur_strength=&#8221;0em&#8221;]<\/p>\n<ul>\n<li>nagy szil\u00e1rds\u00e1g\u00fa l\u00e9ni\u00e1k felhaszn\u00e1l\u00e1s\u00e1val<\/li>\n<li>ig\u00e9ny eset\u00e9n szendvics-panelba \u00fcltetve<\/li>\n<li>t\u00f6bbf\u00e9le meger\u0151s\u00edt\u00e9ssel<\/li>\n<\/ul>\n<table>\n<tbody>\n<tr>\n<td><img loading=\"lazy\" decoding=\"async\" src=\"http:\/\/stancforma.hu\/wp-content\/uploads\/2018\/11\/01_tomitesek_1280x720px-820x365-300x134.jpg\" alt=\"\" class=\"wp-image-500 alignnone size-medium\" width=\"300\" height=\"134\" srcset=\"https:\/\/stancforma.hu\/wp-content\/uploads\/2018\/11\/01_tomitesek_1280x720px-820x365-300x134.jpg 300w, https:\/\/stancforma.hu\/wp-content\/uploads\/2018\/11\/01_tomitesek_1280x720px-820x365-768x342.jpg 768w, https:\/\/stancforma.hu\/wp-content\/uploads\/2018\/11\/01_tomitesek_1280x720px-820x365.jpg 820w\" sizes=\"(max-width: 300px) 100vw, 300px\" \/><\/td>\n<td><img loading=\"lazy\" decoding=\"async\" src=\"http:\/\/stancforma.hu\/wp-content\/uploads\/2018\/11\/02_tomitesek_1280x720px-820x365-300x134.jpg\" alt=\"\" class=\"wp-image-502 alignnone size-medium\" width=\"300\" height=\"134\" srcset=\"https:\/\/stancforma.hu\/wp-content\/uploads\/2018\/11\/02_tomitesek_1280x720px-820x365-300x134.jpg 300w, https:\/\/stancforma.hu\/wp-content\/uploads\/2018\/11\/02_tomitesek_1280x720px-820x365-768x342.jpg 768w, https:\/\/stancforma.hu\/wp-content\/uploads\/2018\/11\/02_tomitesek_1280x720px-820x365.jpg 820w\" sizes=\"(max-width: 300px) 100vw, 300px\" \/><\/td>\n<\/tr>\n<\/tbody>\n<\/table>\n<p>&nbsp;<\/p>\n<p>[\/et_pb_accordion_item][\/et_pb_accordion][\/et_pb_column][\/et_pb_row][\/et_pb_section]<\/p>\n","protected":false},"excerpt":{"rendered":"<p>Term\u00e9kek S\u00edk kimetsz\u0151 szersz\u00e1mok gy\u00e1rt\u00e1sa az al\u00e1bbi anyagokhoz: 12-16 mm k\u00e9smagass\u00e1g pol\u00edrozott k\u00e9sek a t\u00f6k\u00e9letes v\u00e1g\u00e1si eredm\u00e9nyhez t\u00f6bbf\u00e9le panel-v\u00e1laszt\u00e9kkal &nbsp; automata (pl Bobst), t\u00e9gely, hengerstanc, hidraulikus stancol\u00f3 g\u00e9pekhez dinamikus kit\u00f6r\u0151elemek, \u00edvemel\u0151, Stripp Clipp System f\u00e9m meger\u0151s\u00edt\u00e9sek ig\u00e9ny szerinti alkalmaz\u00e1sa v\u00edzsug\u00e1rral v\u00e1gott, valamint profilgumik be\u00e9p\u00edt\u00e9se ig\u00e9ny szerint &nbsp;A pertinax lemez stancol\u00e1si seg\u00e9danyag s\u00edk stancol\u00f3g\u00e9pek biegel\u00e9si be\u00e1ll\u00edt\u00e1s\u00e1hoz; [&hellip;]<\/p>\n","protected":false},"author":1,"featured_media":0,"parent":0,"menu_order":0,"comment_status":"closed","ping_status":"closed","template":"","meta":{"_et_pb_use_builder":"on","_et_pb_old_content":"","_et_gb_content_width":"","footnotes":""},"class_list":["post-388","page","type-page","status-publish","hentry"],"_links":{"self":[{"href":"https:\/\/stancforma.hu\/index.php?rest_route=\/wp\/v2\/pages\/388","targetHints":{"allow":["GET"]}}],"collection":[{"href":"https:\/\/stancforma.hu\/index.php?rest_route=\/wp\/v2\/pages"}],"about":[{"href":"https:\/\/stancforma.hu\/index.php?rest_route=\/wp\/v2\/types\/page"}],"author":[{"embeddable":true,"href":"https:\/\/stancforma.hu\/index.php?rest_route=\/wp\/v2\/users\/1"}],"replies":[{"embeddable":true,"href":"https:\/\/stancforma.hu\/index.php?rest_route=%2Fwp%2Fv2%2Fcomments&post=388"}],"version-history":[{"count":28,"href":"https:\/\/stancforma.hu\/index.php?rest_route=\/wp\/v2\/pages\/388\/revisions"}],"predecessor-version":[{"id":1283,"href":"https:\/\/stancforma.hu\/index.php?rest_route=\/wp\/v2\/pages\/388\/revisions\/1283"}],"wp:attachment":[{"href":"https:\/\/stancforma.hu\/index.php?rest_route=%2Fwp%2Fv2%2Fmedia&parent=388"}],"curies":[{"name":"wp","href":"https:\/\/api.w.org\/{rel}","templated":true}]}}