{"id":385,"date":"2018-11-16T15:26:40","date_gmt":"2018-11-16T15:26:40","guid":{"rendered":"http:\/\/stancforma.hu\/?page_id=385"},"modified":"2025-10-22T14:22:03","modified_gmt":"2025-10-22T12:22:03","slug":"tervezes","status":"publish","type":"page","link":"https:\/\/stancforma.hu\/?page_id=385","title":{"rendered":"Tervez\u00e9s"},"content":{"rendered":"<p>[et_pb_section fb_built=&#8221;1&#8243; _builder_version=&#8221;4.16&#8243; top_divider_style=&#8221;slant&#8221; top_divider_color=&#8221;#ffffff&#8221; top_divider_height=&#8221;36px&#8221; top_divider_flip=&#8221;horizontal&#8221; top_divider_arrangement=&#8221;above_content&#8221; global_colors_info=&#8221;{}&#8221;][et_pb_row module_class=&#8221; et_pb_row_fullwidth&#8221; _builder_version=&#8221;4.16&#8243; width=&#8221;89%&#8221; width_tablet=&#8221;80%&#8221; width_phone=&#8221;&#8221; width_last_edited=&#8221;on|desktop&#8221; max_width=&#8221;89%&#8221; max_width_tablet=&#8221;80%&#8221; max_width_phone=&#8221;&#8221; max_width_last_edited=&#8221;on|desktop&#8221; custom_margin=&#8221;||&#8221; custom_padding=&#8221;0|0px|||false|false&#8221; make_fullwidth=&#8221;on&#8221; global_colors_info=&#8221;{}&#8221;][et_pb_column type=&#8221;4_4&#8243; _builder_version=&#8221;4.16&#8243; custom_padding=&#8221;|||&#8221; global_colors_info=&#8221;{}&#8221; custom_padding__hover=&#8221;|||&#8221;][et_pb_slider _builder_version=&#8221;4.16&#8243; custom_margin=&#8221;||&#8221; custom_padding=&#8221;||&#8221; animation_style=&#8221;flip&#8221; animation_duration=&#8221;350ms&#8221; auto=&#8221;on&#8221; global_colors_info=&#8221;{}&#8221;][et_pb_slide _builder_version=&#8221;4.16&#8243; background_image=&#8221;https:\/\/stancforma.hu\/wp-content\/uploads\/2019\/02\/tervezok.jpg&#8221; global_colors_info=&#8221;{}&#8221; sticky_transition=&#8221;on&#8221;][\/et_pb_slide][et_pb_slide _builder_version=&#8221;4.16&#8243; background_image=&#8221;https:\/\/stancforma.hu\/wp-content\/uploads\/2019\/02\/tervezok_4.jpg&#8221; global_colors_info=&#8221;{}&#8221; sticky_transition=&#8221;on&#8221;][\/et_pb_slide][et_pb_slide _builder_version=&#8221;4.16&#8243; background_image=&#8221;https:\/\/stancforma.hu\/wp-content\/uploads\/2019\/02\/tervezok_2.jpg&#8221; global_colors_info=&#8221;{}&#8221; sticky_transition=&#8221;on&#8221;][\/et_pb_slide][et_pb_slide _builder_version=&#8221;4.16&#8243; background_image=&#8221;https:\/\/stancforma.hu\/wp-content\/uploads\/2019\/02\/tervezok_3.jpg&#8221; global_colors_info=&#8221;{}&#8221; sticky_transition=&#8221;on&#8221;][\/et_pb_slide][\/et_pb_slider][\/et_pb_column][\/et_pb_row][\/et_pb_section][et_pb_section fb_built=&#8221;1&#8243; _builder_version=&#8221;4.16&#8243; global_colors_info=&#8221;{}&#8221;][et_pb_row _builder_version=&#8221;4.16&#8243; global_colors_info=&#8221;{}&#8221;][et_pb_column type=&#8221;4_4&#8243; _builder_version=&#8221;4.16&#8243; custom_padding=&#8221;|||&#8221; global_colors_info=&#8221;{}&#8221; custom_padding__hover=&#8221;|||&#8221;][et_pb_text _builder_version=&#8221;4.16&#8243; global_colors_info=&#8221;{}&#8221;]<\/p>\n<div class=\"entry-content\">\n<h1>Tervez\u00e9s<\/h1>\n<p>A tervez\u00e9st hat CAD munka\u00e1llom\u00e1son v\u00e9gzik koll\u00e9g\u00e1ink.<span id=\"more-173\"><\/span><\/p>\n<p>Az elv\u00e9gzett munk\u00e1kat, a g\u00e9peket \u00e9s a felhaszn\u00e1lt anyagokat bels\u0151 \u00fcgyviteli szoftver\u00fcnk j\u00f3volt\u00e1b\u00f3l t\u00f6bb \u00e9vre visszamen\u0151leg nyilv\u00e1ntartjuk. Ez a dokument\u00e1ci\u00f3 seg\u00edti a jav\u00edt\u00e1sok elv\u00e9gz\u00e9s\u00e9t, \u00e9s b\u00e1rmikor lehet\u0151v\u00e9 teszi az \u00fajragy\u00e1rt\u00e1st.<\/p>\n<p>Bels\u0151 \u00fcgyviteli szoftver\u00fcnkkel minden megrendel\u00e9st, munkafolyamatot, felhaszn\u00e1lt anyagot dokument\u00e1lunk. El\u0151nye a rendszernek, hogy a gy\u00e1rt\u00e1si param\u00e9terek, \u00e9s rajzok t\u00f6bb \u00e9vre visszamen\u0151leg el\u0151h\u00edvhat\u00f3ak k\u00e9scser\u00e9khez, \u00e9s \u00fajragy\u00e1rt\u00e1shoz.<\/p>\n<p>A mint\u00e1kat Z\u00fcnd plotterrel k\u00e9sz\u00edtj\u00fck.<\/p>\n<div class=\"cmsms_cc\">\n<div class=\"one_first first_column\" data-folder=\"column\" data-type=\"\">\n<div data-folder=\"text\" data-type=\"\">\n<p>Megl\u00e9v\u0151 terveket elektronikus \u00faton, az al\u00e1bbi form\u00e1tumokban tudjuk fogadni:<\/p>\n<ul>\n<li>.CF2 form\u00e1tum,<\/li>\n<li>.n form\u00e1tum,<\/li>\n<li>AutoCAD DXF (.dxf),<\/li>\n<li>.dwg form\u00e1tum,<\/li>\n<li>Adobe Illustrator f\u00e1jl (.ai),<\/li>\n<li>Postsrcipt form\u00e1tum (.ps),<\/li>\n<li>Encapsulated PostScript (.eps),<\/li>\n<li>Portable Document Format (.pdf),<\/li>\n<li>CorelDraw f\u00e1jl (.cdr)<\/li>\n<\/ul>\n<p>&nbsp;<\/p>\n<\/div>\n<\/div>\n<\/div>\n<\/div>\n<p>[\/et_pb_text][et_pb_accordion _builder_version=&#8221;3.19.9&#8243; max_width=&#8221;100%&#8221; animation_style=&#8221;fade&#8221; border_radii=&#8221;on|10px|10px|10px|10px&#8221; global_module=&#8221;1189&#8243; global_colors_info=&#8221;{}&#8221;][et_pb_accordion_item title=&#8221;L\u00e9zerg\u00e9peink&#8221; _builder_version=&#8221;4.16&#8243; max_width=&#8221;100%&#8221; global_colors_info=&#8221;{}&#8221; open=&#8221;off&#8221;]<\/p>\n<div class=\"entry-content\">\n<div class=\"cmsms_cc\">\n<div class=\"one_first first_column\" data-folder=\"column\" data-type=\"\">\n<div data-folder=\"text\" data-type=\"\">\n<p>&nbsp;<\/p>\n<ul>\n<li>Rofin Sinar l\u00e9zer forr\u00e1s<\/li>\n<li>T\u00f6k\u00e9letes pontoss\u00e1g<\/li>\n<li>Pulz\u00e1l\u00f3 v\u00e1g\u00e1s<\/li>\n<li>Plusz f\u00e9m kieg\u00e9sz\u00edt\u0151k v\u00e1g\u00e1sa<\/li>\n<li>Megb\u00edzhat\u00f3, gyors m\u0171k\u00f6d\u00e9s<\/li>\n<li>Nyugat-Eur\u00f3pai gy\u00e1rtm\u00e1ny<\/li>\n<\/ul>\n<table style=\"width: 100%;\">\n<tbody>\n<tr>\n<td><img loading=\"lazy\" decoding=\"async\" src=\"http:\/\/stancforma.hu\/wp-content\/uploads\/2019\/03\/uj_lezer-300x139.jpg\" alt=\"\" class=\"wp-image-1194 alignnone size-medium\" style=\"display: block; margin-left: auto; margin-right: auto;\" width=\"300\" height=\"139\" srcset=\"https:\/\/stancforma.hu\/wp-content\/uploads\/2019\/03\/uj_lezer-300x139.jpg 300w, https:\/\/stancforma.hu\/wp-content\/uploads\/2019\/03\/uj_lezer.jpg 500w\" sizes=\"(max-width: 300px) 100vw, 300px\" \/><\/td>\n<td><img loading=\"lazy\" decoding=\"async\" src=\"\/wp-content\/uploads\/2019\/02\/pulzalo_vagas_.jpg\" alt=\"\" class=\"wp-image-462 alignnone size-medium\" style=\"display: block; margin-left: auto; margin-right: auto;\" width=\"216\" height=\"162\" \/><\/td>\n<\/tr>\n<\/tbody>\n<\/table>\n<\/div>\n<\/div>\n<\/div>\n<\/div>\n<p>[\/et_pb_accordion_item][et_pb_accordion_item title=&#8221;K\u00e9smegmunk\u00e1l\u00e1s&#8221; _builder_version=&#8221;4.16&#8243; max_width=&#8221;100%&#8221; global_colors_info=&#8221;{}&#8221; open=&#8221;off&#8221;]<\/p>\n<p><img loading=\"lazy\" decoding=\"async\" src=\"http:\/\/stancforma.hu\/wp-content\/uploads\/2019\/02\/broaching-1024x768.jpg\" alt=\"\" class=\"wp-image-1044 alignright size-large\" width=\"201\" height=\"151\" srcset=\"https:\/\/stancforma.hu\/wp-content\/uploads\/2019\/02\/broaching-1024x768.jpg 1024w, https:\/\/stancforma.hu\/wp-content\/uploads\/2019\/02\/broaching-300x225.jpg 300w, https:\/\/stancforma.hu\/wp-content\/uploads\/2019\/02\/broaching-768x576.jpg 768w, https:\/\/stancforma.hu\/wp-content\/uploads\/2019\/02\/broaching-510x382.jpg 510w, https:\/\/stancforma.hu\/wp-content\/uploads\/2019\/02\/broaching-1080x810.jpg 1080w\" sizes=\"(max-width: 201px) 100vw, 201px\" \/>A l\u00e9ni\u00e1kat CNC-vez\u00e9rl\u00e9s\u0171 g\u00e9pek munk\u00e1lj\u00e1k meg \u2013 kombi, perfor\u00e1l\u00f3 l\u00e9ni\u00e1kat (1,5 Pt-t\u0151l 4 Pt-ig), tart\u00f3pontokat, mar\u00e1sokat, (broaching), \u00e9s kit\u00f6r\u0151 elemeket k\u00e9sz\u00edtenek.<\/p>\n<div class=\"tab_content\" style=\"display: block;\">\n<p>El\u0151nyei:<\/p>\n<ul>\n<ul>\n<li>M\u00e9retazonos, pontosan illeszked\u0151 l\u00e9ni\u00e1k az \u00f6sszes k\u00e9pben<\/li>\n<li>T\u00f6k\u00e9letesen azonos minden k\u00e9p<\/li>\n<li>Az \u00edves hajl\u00edt\u00e1sok g\u00e9pi pontoss\u00e1g\u00faak<\/li>\n<li>Minden egyes l\u00e9nia egyenk\u00e9nti dokument\u00e1l\u00e1sa (tartal\u00e9k k\u00e9sekhez, jav\u00edt\u00e1sokhoz)<\/li>\n<li>\u00c9les hajl\u00edt\u00e1sokn\u00e1l \u00e9s a k\u00e9sek csatlakoz\u00f3 pontjain\u00e1l mar\u00e1s (broaching) alkalmaz\u00e1sa. Ennek el\u0151nyei a k\u00f6vetkez\u0151k:<br \/>1) nagyon \u00e9les sz\u00f6gek csatlakoztat\u00e1s\u00e1n\u00e1l nem keletkezik reped\u00e9s, nincs anyagtorl\u00f3d\u00e1s;<br \/>2) A k\u00e9s magass\u00e1ga nem v\u00e1ltozik a hajl\u00edt\u00e1sokn\u00e1l;<br \/>3)\u00a0t\u00f6k\u00e9letes csatlakoz\u00e1si pontok.<\/li>\n<\/ul>\n<\/ul>\n<\/div>\n<p>[\/et_pb_accordion_item][et_pb_accordion_item title=&#8221;Kit\u00f6r\u0151 rendszerek&#8221; _builder_version=&#8221;4.16&#8243; max_width=&#8221;100%&#8221; global_colors_info=&#8221;{}&#8221; open=&#8221;off&#8221;]<\/p>\n<p>Kit\u00f6r\u0151 panelok gy\u00e1rt\u00e1sa l\u00e9zerrel \u00e9s CNC mar\u00f3g\u00e9ppel<\/p>\n<p><img loading=\"lazy\" decoding=\"async\" src=\"http:\/\/stancforma.hu\/wp-content\/uploads\/2019\/02\/04_kitoro_szerszamok_1280x720px4-300x169.jpg\" alt=\"\" class=\"wp-image-1049 alignright size-medium\" width=\"241\" height=\"136\" srcset=\"https:\/\/stancforma.hu\/wp-content\/uploads\/2019\/02\/04_kitoro_szerszamok_1280x720px4-300x169.jpg 300w, https:\/\/stancforma.hu\/wp-content\/uploads\/2019\/02\/04_kitoro_szerszamok_1280x720px4-768x432.jpg 768w, https:\/\/stancforma.hu\/wp-content\/uploads\/2019\/02\/04_kitoro_szerszamok_1280x720px4-1024x576.jpg 1024w, https:\/\/stancforma.hu\/wp-content\/uploads\/2019\/02\/04_kitoro_szerszamok_1280x720px4-1080x608.jpg 1080w, https:\/\/stancforma.hu\/wp-content\/uploads\/2019\/02\/04_kitoro_szerszamok_1280x720px4.jpg 1280w\" sizes=\"(max-width: 241px) 100vw, 241px\" \/>Kit\u00f6r\u0151 elemek gy\u00e1rt\u00e1sa CNC g\u00e9ppel (Marba Strip)<\/p>\n<p>El\u0151nyei:<br \/> egyedi m\u00e9reteket is tudunk gy\u00e1rtani<br \/> Garant\u00e1lja a hullad\u00e9k kit\u00f6r\u00e9s\u00e9nek biztons\u00e1g\u00e1t<br \/> Kit\u00f6r\u0151k meger\u0151s\u00edt\u00e9se ig\u00e9ny szerint l\u00e9zerrel v\u00e1gott ac\u00e9l lappal, \u00e9s ac\u00e9l gerend\u00e1kkal<\/p>\n<table style=\"width: 100%;\">\n<tbody>\n<tr>\n<td><img loading=\"lazy\" decoding=\"async\" src=\"http:\/\/stancforma.hu\/wp-content\/uploads\/2019\/02\/06_kitoro_szerszamok_1280x720px1-300x169.jpg\" alt=\"\" class=\"wp-image-1051 alignnone size-medium\" style=\"display: block; margin-left: auto; margin-right: auto;\" width=\"300\" height=\"169\" srcset=\"https:\/\/stancforma.hu\/wp-content\/uploads\/2019\/02\/06_kitoro_szerszamok_1280x720px1-300x169.jpg 300w, https:\/\/stancforma.hu\/wp-content\/uploads\/2019\/02\/06_kitoro_szerszamok_1280x720px1-768x432.jpg 768w, https:\/\/stancforma.hu\/wp-content\/uploads\/2019\/02\/06_kitoro_szerszamok_1280x720px1-1024x576.jpg 1024w, https:\/\/stancforma.hu\/wp-content\/uploads\/2019\/02\/06_kitoro_szerszamok_1280x720px1-1080x608.jpg 1080w, https:\/\/stancforma.hu\/wp-content\/uploads\/2019\/02\/06_kitoro_szerszamok_1280x720px1.jpg 1280w\" sizes=\"(max-width: 300px) 100vw, 300px\" \/><\/td>\n<td><img loading=\"lazy\" decoding=\"async\" src=\"http:\/\/stancforma.hu\/wp-content\/uploads\/2019\/02\/07_kitoro_szerszamok_1280x720px-300x169.jpg\" alt=\"\" class=\"wp-image-1053 alignnone size-medium\" style=\"display: block; margin-left: auto; margin-right: auto;\" width=\"300\" height=\"169\" srcset=\"https:\/\/stancforma.hu\/wp-content\/uploads\/2019\/02\/07_kitoro_szerszamok_1280x720px-300x169.jpg 300w, https:\/\/stancforma.hu\/wp-content\/uploads\/2019\/02\/07_kitoro_szerszamok_1280x720px-768x432.jpg 768w, https:\/\/stancforma.hu\/wp-content\/uploads\/2019\/02\/07_kitoro_szerszamok_1280x720px-1024x576.jpg 1024w, https:\/\/stancforma.hu\/wp-content\/uploads\/2019\/02\/07_kitoro_szerszamok_1280x720px-1080x608.jpg 1080w, https:\/\/stancforma.hu\/wp-content\/uploads\/2019\/02\/07_kitoro_szerszamok_1280x720px.jpg 1280w\" sizes=\"(max-width: 300px) 100vw, 300px\" \/><\/td>\n<\/tr>\n<\/tbody>\n<\/table>\n<p style=\"text-align: center;\"><iframe loading=\"lazy\" src=\"https:\/\/www.youtube.com\/embed\/8jk0j4jEmro\" allow=\"accelerometer; autoplay; encrypted-media; gyroscope; picture-in-picture\" allowfullscreen=\"\" width=\"450\" height=\"315\" frameborder=\"0\"><\/iframe><\/p>\n<p>[\/et_pb_accordion_item][et_pb_accordion_item title=&#8221;V\u00edzzel v\u00e1g\u00e1s&#8221; _builder_version=&#8221;4.16&#8243; max_width=&#8221;100%&#8221; global_colors_info=&#8221;{}&#8221; open=&#8221;off&#8221;]<\/p>\n<p><img loading=\"lazy\" decoding=\"async\" src=\"http:\/\/stancforma.hu\/wp-content\/uploads\/2019\/02\/vizzel_vago-300x218.jpg\" alt=\"\" class=\"wp-image-1059 alignnone size-medium\" style=\"float: right;\" width=\"233\" height=\"169\" srcset=\"https:\/\/stancforma.hu\/wp-content\/uploads\/2019\/02\/vizzel_vago-300x218.jpg 300w, https:\/\/stancforma.hu\/wp-content\/uploads\/2019\/02\/vizzel_vago.jpg 493w\" sizes=\"(max-width: 233px) 100vw, 233px\" \/>Form\u00e1ra v\u00e1gott kidob\u00f3 gumik optimaliz\u00e1lt v\u00e1g\u00e1sa v\u00edzsugaras v\u00e1g\u00f3val.<\/p>\n<p> Speci\u00e1lis gumik haszn\u00e1lata ig\u00e9ny szerint<br \/> Habok, gumik, szivacsok b\u00e9rv\u00e1g\u00e1sa 50 mm vastags\u00e1gig<\/p>\n<p>[\/et_pb_accordion_item][et_pb_accordion_item title=&#8221;Dombor nyom\u00e1s, jel\u00f6l\u00e9sek&#8221; open=&#8221;on&#8221; _builder_version=&#8221;4.16&#8243; max_width=&#8221;100%&#8221; global_colors_info=&#8221;{}&#8221;]<\/p>\n<table style=\"width: 100%;\">\n<tbody>\n<tr>\n<td width=\"50%\">karton, hull\u00e1mkarton, kartonplaszt term\u00e9keken egyedi form\u00e1k, log\u00f3k kialak\u00edt\u00e1s\u00e1hoz be\u00e9p\u00edtett dombor\u00edt\u00f3 form\u00e1k<\/td>\n<td><img loading=\"lazy\" decoding=\"async\" src=\"http:\/\/stancforma.hu\/wp-content\/uploads\/2019\/02\/Dombor-225x300.jpg\" alt=\"\" class=\"wp-image-1065 alignnone size-medium\" style=\"float: right;\" width=\"155\" height=\"207\" srcset=\"https:\/\/stancforma.hu\/wp-content\/uploads\/2019\/02\/Dombor-225x300.jpg 225w, https:\/\/stancforma.hu\/wp-content\/uploads\/2019\/02\/Dombor.jpg 750w\" sizes=\"(max-width: 155px) 100vw, 155px\" \/><\/td>\n<\/tr>\n<tr>\n<td>Braille \u00edr\u00e1shoz dombor\u00edt\u00f3 form\u00e1k be\u00e9p\u00edt\u00e9se szersz\u00e1mba<\/td>\n<td><img loading=\"lazy\" decoding=\"async\" src=\"http:\/\/stancforma.hu\/wp-content\/uploads\/2019\/03\/braille-1-187x300.jpg\" width=\"154\" height=\"247\" alt=\"\" class=\"wp-image-1267 alignnone size-medium\" style=\"float: right;\" srcset=\"https:\/\/stancforma.hu\/wp-content\/uploads\/2019\/03\/braille-1-187x300.jpg 187w, https:\/\/stancforma.hu\/wp-content\/uploads\/2019\/03\/braille-1.jpg 287w\" sizes=\"(max-width: 154px) 100vw, 154px\" \/><\/td>\n<\/tr>\n<tr>\n<td>t\u00fcsk\u00e9s azonos\u00edt\u00f3k (Pl: RESY jel) sz\u00e1mok, bet\u0171k be\u00e9p\u00edt\u00e9se<\/td>\n<td><img loading=\"lazy\" decoding=\"async\" src=\"http:\/\/stancforma.hu\/wp-content\/uploads\/2019\/02\/resy-200x300.jpg\" alt=\"\" class=\"wp-image-1069 alignnone size-medium\" width=\"152\" height=\"229\" style=\"background-color: #ffffff; font-size: 14px; float: right;\" srcset=\"https:\/\/stancforma.hu\/wp-content\/uploads\/2019\/02\/resy-200x300.jpg 200w, https:\/\/stancforma.hu\/wp-content\/uploads\/2019\/02\/resy.jpg 593w\" sizes=\"(max-width: 152px) 100vw, 152px\" \/><\/td>\n<\/tr>\n<\/tbody>\n<\/table>\n<p>&nbsp;<\/p>\n<p>[\/et_pb_accordion_item][\/et_pb_accordion][\/et_pb_column][\/et_pb_row][\/et_pb_section]<\/p>\n","protected":false},"excerpt":{"rendered":"<p>Tervez\u00e9s A tervez\u00e9st hat CAD munka\u00e1llom\u00e1son v\u00e9gzik koll\u00e9g\u00e1ink. Az elv\u00e9gzett munk\u00e1kat, a g\u00e9peket \u00e9s a felhaszn\u00e1lt anyagokat bels\u0151 \u00fcgyviteli szoftver\u00fcnk j\u00f3volt\u00e1b\u00f3l t\u00f6bb \u00e9vre visszamen\u0151leg nyilv\u00e1ntartjuk. Ez a dokument\u00e1ci\u00f3 seg\u00edti a jav\u00edt\u00e1sok elv\u00e9gz\u00e9s\u00e9t, \u00e9s b\u00e1rmikor lehet\u0151v\u00e9 teszi az \u00fajragy\u00e1rt\u00e1st. Bels\u0151 \u00fcgyviteli szoftver\u00fcnkkel minden megrendel\u00e9st, munkafolyamatot, felhaszn\u00e1lt anyagot dokument\u00e1lunk. El\u0151nye a rendszernek, hogy a gy\u00e1rt\u00e1si param\u00e9terek, \u00e9s [&hellip;]<\/p>\n","protected":false},"author":1,"featured_media":0,"parent":0,"menu_order":0,"comment_status":"closed","ping_status":"closed","template":"","meta":{"_et_pb_use_builder":"on","_et_pb_old_content":"","_et_gb_content_width":"","footnotes":""},"class_list":["post-385","page","type-page","status-publish","hentry"],"_links":{"self":[{"href":"https:\/\/stancforma.hu\/index.php?rest_route=\/wp\/v2\/pages\/385","targetHints":{"allow":["GET"]}}],"collection":[{"href":"https:\/\/stancforma.hu\/index.php?rest_route=\/wp\/v2\/pages"}],"about":[{"href":"https:\/\/stancforma.hu\/index.php?rest_route=\/wp\/v2\/types\/page"}],"author":[{"embeddable":true,"href":"https:\/\/stancforma.hu\/index.php?rest_route=\/wp\/v2\/users\/1"}],"replies":[{"embeddable":true,"href":"https:\/\/stancforma.hu\/index.php?rest_route=%2Fwp%2Fv2%2Fcomments&post=385"}],"version-history":[{"count":16,"href":"https:\/\/stancforma.hu\/index.php?rest_route=\/wp\/v2\/pages\/385\/revisions"}],"predecessor-version":[{"id":2857,"href":"https:\/\/stancforma.hu\/index.php?rest_route=\/wp\/v2\/pages\/385\/revisions\/2857"}],"wp:attachment":[{"href":"https:\/\/stancforma.hu\/index.php?rest_route=%2Fwp%2Fv2%2Fmedia&parent=385"}],"curies":[{"name":"wp","href":"https:\/\/api.w.org\/{rel}","templated":true}]}}